{"id":10,"date":"2021-09-05T19:34:35","date_gmt":"2021-09-05T17:34:35","guid":{"rendered":"http:\/\/interface-compassion-internationale.org\/?page_id=10"},"modified":"2022-04-13T11:24:01","modified_gmt":"2022-04-13T09:24:01","slug":"interface-compassion-internationale","status":"publish","type":"page","link":"https:\/\/interface-compassion-internationale.org\/index.php\/language\/fr\/","title":{"rendered":"Le projet"},"content":{"rendered":"\n<h2 class=\"wp-block-heading\">Aide aux victimes de violences sexuelles en RDC<\/h2>\n\n\n\n<p><\/p>\n\n\n\n<p><strong>Parrain officiel de notre asbl : Dr Denis Mukwege.<\/strong><\/p>\n\n\n\n<h2 class=\"wp-block-heading\">Initiateur du projet : Dr <a data-type=\"page\" href=\"https:\/\/interface-compassion-internationale.org\/index.php\/membres\/#membre-emmanuel-mukwege\">Emmanuel Mukwege<\/a>.<\/h2>\n\n\n\n<h2 class=\"wp-block-heading\">Historique<\/h2>\n\n\n\n<p>Il y a quelques ann\u00e9es,<a href=\"https:\/\/eglise-interface.com\/\"> l\u2019\u00e9glise Interface de P\u00e9ruwelz<\/a> avait fait un don de 1 000 euros aux survivantes de violences sexuelles soign\u00e9es \u00e0 <a href=\"https:\/\/www.hopitaldepanzi.com\/\">l\u2019h\u00f4pital de Panzi<\/a>, dirig\u00e9 par le Dr Denis Mukwege (prix Nobel de la Paix en 2018).<\/p>\n\n\n\n<p>Cette somme d\u2019argent a \u00e9t\u00e9 partag\u00e9e entre une dizaine de femmes sous la forme de microcr\u00e9dits. Par un encadrement, une formation et un suivi de la Fondation Panzi, 90 % des femmes b\u00e9n\u00e9ficiaires de ce microcr\u00e9dit ont multipli\u00e9 leur modeste capital par plusieurs centaines de fois.<\/p>\n\n\n\n<p>Huit ans plus tard, la plupart d\u2019entre elles ont d\u00e9clar\u00e9 \u00eatre sorties de la pauvret\u00e9. Elles avaient achet\u00e9 des parcelles de terre, des maisons, avaient pay\u00e9 les \u00e9tudes universitaires ou les frais de mariage de leurs enfants, etc.<\/p>\n\n\n\n<p>Cette exp\u00e9rience a \u00e9t\u00e9 l\u2019une de plus gratifiantes qu\u2019ait v\u00e9cu notre \u00e9glise. Avec peu d\u2019argent et gr\u00e2ce au g\u00e9nie entrepreneurial des survivantes de violences sexuelles, de nombreuses familles, constitu\u00e9es de plusieurs enfants, ont pu s\u2019extraire de leur situation pr\u00e9caire.<\/p>\n\n\n\n<h2 class=\"wp-block-heading\">Quelques mots du Dr Denis Mukwege<\/h2>\n\n\n\n<figure class=\"wp-block-embed is-type-video is-provider-youtube wp-block-embed-youtube wp-embed-aspect-16-9 wp-has-aspect-ratio\"><div class=\"wp-block-embed__wrapper\">\n<iframe loading=\"lazy\" title=\"Denis Mukwege - ASBL Interface Compassion Internationale\" width=\"525\" height=\"295\" src=\"https:\/\/www.youtube.com\/embed\/nw40N0Z_SqY?feature=oembed\" frameborder=\"0\" allow=\"accelerometer; autoplay; clipboard-write; encrypted-media; gyroscope; picture-in-picture; web-share\" referrerpolicy=\"strict-origin-when-cross-origin\" allowfullscreen><\/iframe>\n<\/div><figcaption> Quelques mots de Denis, avec son fr\u00e8re Emmanuel. Vid\u00e9o en fran\u00e7ais. <\/figcaption><\/figure>\n\n\n\n<p>D\u00e9couvrez <a href=\"https:\/\/interface-compassion-internationale.org\/index.php\/language\/fr\/objectifs\/\" data-type=\"page\" data-id=\"52\">les objectifs<\/a>&#8230; <\/p>\n","protected":false},"excerpt":{"rendered":"<p>Aide aux victimes de violences sexuelles en RDC Parrain officiel de notre asbl : Dr Denis Mukwege. Initiateur du projet : Dr Emmanuel Mukwege. Historique Il y a quelques ann\u00e9es, l\u2019\u00e9glise Interface de P\u00e9ruwelz avait fait un don de 1 000 euros aux survivantes de violences sexuelles soign\u00e9es \u00e0 l\u2019h\u00f4pital de Panzi, dirig\u00e9 par le &hellip; <\/p>\n<p class=\"link-more\"><a href=\"https:\/\/interface-compassion-internationale.org\/index.php\/language\/fr\/\" class=\"more-link\">Continuer la lecture<span class=\"screen-reader-text\"> de &laquo;&nbsp;Le projet&nbsp;&raquo;<\/span><\/a><\/p>\n","protected":false},"author":2,"featured_media":0,"parent":0,"menu_order":0,"comment_status":"closed","ping_status":"closed","template":"","meta":{"footnotes":""},"class_list":["post-10","page","type-page","status-publish","hentry"],"yoast_head":"<!-- This site is optimized with the Yoast SEO plugin v27.4 - https:\/\/yoast.com\/product\/yoast-seo-wordpress\/ -->\n<title>Aidez les victimes de violences sexuelles au Congo \u00e0 se reconstruire<\/title>\n<meta name=\"description\" content=\"L&#039;association Interface internationale ASBL aide les victimes de violences sexuelles en r\u00e9publique d\u00e9mocratique du Congo\" \/>\n<meta name=\"robots\" content=\"index, follow, max-snippet:-1, max-image-preview:large, max-video-preview:-1\" \/>\n<link rel=\"canonical\" href=\"https:\/\/interface-compassion-internationale.org\/index.php\/language\/fr\/\" \/>\n<meta property=\"og:locale\" content=\"fr_FR\" \/>\n<meta property=\"og:type\" content=\"article\" \/>\n<meta property=\"og:title\" content=\"Aidez les victimes de violences sexuelles au Congo \u00e0 se reconstruire\" \/>\n<meta property=\"og:description\" content=\"L&#039;association Interface internationale ASBL aide les victimes de violences sexuelles en r\u00e9publique d\u00e9mocratique du Congo\" \/>\n<meta property=\"og:url\" content=\"https:\/\/interface-compassion-internationale.org\/index.php\/language\/fr\/\" \/>\n<meta property=\"og:site_name\" content=\"Interface Compassion Internationale ASBL\" \/>\n<meta property=\"article:publisher\" content=\"https:\/\/www.facebook.com\/compassioninterIF\/\" \/>\n<meta property=\"article:modified_time\" content=\"2022-04-13T09:24:01+00:00\" \/>\n<meta name=\"twitter:card\" content=\"summary_large_image\" \/>\n<meta name=\"twitter:label1\" content=\"Dur\u00e9e de lecture estim\u00e9e\" \/>\n\t<meta name=\"twitter:data1\" content=\"2 minutes\" \/>\n<script type=\"application\/ld+json\" class=\"yoast-schema-graph\">{\"@context\":\"https:\\\/\\\/schema.org\",\"@graph\":[{\"@type\":\"WebPage\",\"@id\":\"https:\\\/\\\/interface-compassion-internationale.org\\\/index.php\\\/language\\\/fr\\\/\",\"url\":\"https:\\\/\\\/interface-compassion-internationale.org\\\/index.php\\\/language\\\/fr\\\/\",\"name\":\"Aidez les victimes de violences sexuelles au Congo \u00e0 se reconstruire\",\"isPartOf\":{\"@id\":\"https:\\\/\\\/interface-compassion-internationale.org\\\/#website\"},\"datePublished\":\"2021-09-05T17:34:35+00:00\",\"dateModified\":\"2022-04-13T09:24:01+00:00\",\"description\":\"L'association Interface internationale ASBL aide les victimes de violences sexuelles en r\u00e9publique d\u00e9mocratique du Congo\",\"breadcrumb\":{\"@id\":\"https:\\\/\\\/interface-compassion-internationale.org\\\/index.php\\\/language\\\/fr\\\/#breadcrumb\"},\"inLanguage\":\"fr-FR\",\"potentialAction\":[{\"@type\":\"ReadAction\",\"target\":[\"https:\\\/\\\/interface-compassion-internationale.org\\\/index.php\\\/language\\\/fr\\\/\"]}]},{\"@type\":\"BreadcrumbList\",\"@id\":\"https:\\\/\\\/interface-compassion-internationale.org\\\/index.php\\\/language\\\/fr\\\/#breadcrumb\",\"itemListElement\":[{\"@type\":\"ListItem\",\"position\":1,\"name\":\"Accueil\",\"item\":\"https:\\\/\\\/interface-compassion-internationale.org\\\/index.php\\\/language\\\/fr\\\/\"},{\"@type\":\"ListItem\",\"position\":2,\"name\":\"Le projet\"}]},{\"@type\":\"WebSite\",\"@id\":\"https:\\\/\\\/interface-compassion-internationale.org\\\/#website\",\"url\":\"https:\\\/\\\/interface-compassion-internationale.org\\\/\",\"name\":\"Interface Compassion Internationale ASBL\",\"description\":\"Aider les femmes victimes de violences sexuelles en RDC \",\"publisher\":{\"@id\":\"https:\\\/\\\/interface-compassion-internationale.org\\\/#organization\"},\"potentialAction\":[{\"@type\":\"SearchAction\",\"target\":{\"@type\":\"EntryPoint\",\"urlTemplate\":\"https:\\\/\\\/interface-compassion-internationale.org\\\/?s={search_term_string}\"},\"query-input\":{\"@type\":\"PropertyValueSpecification\",\"valueRequired\":true,\"valueName\":\"search_term_string\"}}],\"inLanguage\":\"fr-FR\"},{\"@type\":\"Organization\",\"@id\":\"https:\\\/\\\/interface-compassion-internationale.org\\\/#organization\",\"name\":\"Interface compassion internationale\",\"url\":\"https:\\\/\\\/interface-compassion-internationale.org\\\/\",\"logo\":{\"@type\":\"ImageObject\",\"inLanguage\":\"fr-FR\",\"@id\":\"https:\\\/\\\/interface-compassion-internationale.org\\\/#\\\/schema\\\/logo\\\/image\\\/\",\"url\":\"https:\\\/\\\/interface-compassion-internationale.org\\\/wp-content\\\/uploads\\\/2021\\\/09\\\/logo_white.jpg\",\"contentUrl\":\"https:\\\/\\\/interface-compassion-internationale.org\\\/wp-content\\\/uploads\\\/2021\\\/09\\\/logo_white.jpg\",\"width\":842,\"height\":892,\"caption\":\"Interface compassion internationale\"},\"image\":{\"@id\":\"https:\\\/\\\/interface-compassion-internationale.org\\\/#\\\/schema\\\/logo\\\/image\\\/\"},\"sameAs\":[\"https:\\\/\\\/www.facebook.com\\\/compassioninterIF\\\/\",\"https:\\\/\\\/www.linkedin.com\\\/company\\\/interface-compassion-internationale-asbl\\\/\",\"https:\\\/\\\/www.youtube.com\\\/channel\\\/UCzwbTCEmlfz9OXYK6XoHQew\"]}]}<\/script>\n<!-- \/ Yoast SEO plugin. -->","yoast_head_json":{"title":"Aidez les victimes de violences sexuelles au Congo \u00e0 se reconstruire","description":"L'association Interface internationale ASBL aide les victimes de violences sexuelles en r\u00e9publique d\u00e9mocratique du Congo","robots":{"index":"index","follow":"follow","max-snippet":"max-snippet:-1","max-image-preview":"max-image-preview:large","max-video-preview":"max-video-preview:-1"},"canonical":"https:\/\/interface-compassion-internationale.org\/index.php\/language\/fr\/","og_locale":"fr_FR","og_type":"article","og_title":"Aidez les victimes de violences sexuelles au Congo \u00e0 se reconstruire","og_description":"L'association Interface internationale ASBL aide les victimes de violences sexuelles en r\u00e9publique d\u00e9mocratique du Congo","og_url":"https:\/\/interface-compassion-internationale.org\/index.php\/language\/fr\/","og_site_name":"Interface Compassion Internationale ASBL","article_publisher":"https:\/\/www.facebook.com\/compassioninterIF\/","article_modified_time":"2022-04-13T09:24:01+00:00","twitter_card":"summary_large_image","twitter_misc":{"Dur\u00e9e de lecture estim\u00e9e":"2 minutes"},"schema":{"@context":"https:\/\/schema.org","@graph":[{"@type":"WebPage","@id":"https:\/\/interface-compassion-internationale.org\/index.php\/language\/fr\/","url":"https:\/\/interface-compassion-internationale.org\/index.php\/language\/fr\/","name":"Aidez les victimes de violences sexuelles au Congo \u00e0 se reconstruire","isPartOf":{"@id":"https:\/\/interface-compassion-internationale.org\/#website"},"datePublished":"2021-09-05T17:34:35+00:00","dateModified":"2022-04-13T09:24:01+00:00","description":"L'association Interface internationale ASBL aide les victimes de violences sexuelles en r\u00e9publique d\u00e9mocratique du Congo","breadcrumb":{"@id":"https:\/\/interface-compassion-internationale.org\/index.php\/language\/fr\/#breadcrumb"},"inLanguage":"fr-FR","potentialAction":[{"@type":"ReadAction","target":["https:\/\/interface-compassion-internationale.org\/index.php\/language\/fr\/"]}]},{"@type":"BreadcrumbList","@id":"https:\/\/interface-compassion-internationale.org\/index.php\/language\/fr\/#breadcrumb","itemListElement":[{"@type":"ListItem","position":1,"name":"Accueil","item":"https:\/\/interface-compassion-internationale.org\/index.php\/language\/fr\/"},{"@type":"ListItem","position":2,"name":"Le projet"}]},{"@type":"WebSite","@id":"https:\/\/interface-compassion-internationale.org\/#website","url":"https:\/\/interface-compassion-internationale.org\/","name":"Interface Compassion Internationale ASBL","description":"Aider les femmes victimes de violences sexuelles en RDC ","publisher":{"@id":"https:\/\/interface-compassion-internationale.org\/#organization"},"potentialAction":[{"@type":"SearchAction","target":{"@type":"EntryPoint","urlTemplate":"https:\/\/interface-compassion-internationale.org\/?s={search_term_string}"},"query-input":{"@type":"PropertyValueSpecification","valueRequired":true,"valueName":"search_term_string"}}],"inLanguage":"fr-FR"},{"@type":"Organization","@id":"https:\/\/interface-compassion-internationale.org\/#organization","name":"Interface compassion internationale","url":"https:\/\/interface-compassion-internationale.org\/","logo":{"@type":"ImageObject","inLanguage":"fr-FR","@id":"https:\/\/interface-compassion-internationale.org\/#\/schema\/logo\/image\/","url":"https:\/\/interface-compassion-internationale.org\/wp-content\/uploads\/2021\/09\/logo_white.jpg","contentUrl":"https:\/\/interface-compassion-internationale.org\/wp-content\/uploads\/2021\/09\/logo_white.jpg","width":842,"height":892,"caption":"Interface compassion internationale"},"image":{"@id":"https:\/\/interface-compassion-internationale.org\/#\/schema\/logo\/image\/"},"sameAs":["https:\/\/www.facebook.com\/compassioninterIF\/","https:\/\/www.linkedin.com\/company\/interface-compassion-internationale-asbl\/","https:\/\/www.youtube.com\/channel\/UCzwbTCEmlfz9OXYK6XoHQew"]}]}},"jetpack_sharing_enabled":true,"_links":{"self":[{"href":"https:\/\/interface-compassion-internationale.org\/index.php\/wp-json\/wp\/v2\/pages\/10","targetHints":{"allow":["GET"]}}],"collection":[{"href":"https:\/\/interface-compassion-internationale.org\/index.php\/wp-json\/wp\/v2\/pages"}],"about":[{"href":"https:\/\/interface-compassion-internationale.org\/index.php\/wp-json\/wp\/v2\/types\/page"}],"author":[{"embeddable":true,"href":"https:\/\/interface-compassion-internationale.org\/index.php\/wp-json\/wp\/v2\/users\/2"}],"replies":[{"embeddable":true,"href":"https:\/\/interface-compassion-internationale.org\/index.php\/wp-json\/wp\/v2\/comments?post=10"}],"version-history":[{"count":21,"href":"https:\/\/interface-compassion-internationale.org\/index.php\/wp-json\/wp\/v2\/pages\/10\/revisions"}],"predecessor-version":[{"id":875,"href":"https:\/\/interface-compassion-internationale.org\/index.php\/wp-json\/wp\/v2\/pages\/10\/revisions\/875"}],"wp:attachment":[{"href":"https:\/\/interface-compassion-internationale.org\/index.php\/wp-json\/wp\/v2\/media?parent=10"}],"curies":[{"name":"wp","href":"https:\/\/api.w.org\/{rel}","templated":true}]}}