{"id":117,"date":"2021-09-06T17:12:52","date_gmt":"2021-09-06T15:12:52","guid":{"rendered":"https:\/\/interface-compassion-internationale.org\/?page_id=117"},"modified":"2021-09-23T15:30:33","modified_gmt":"2021-09-23T13:30:33","slug":"gestion","status":"publish","type":"page","link":"https:\/\/interface-compassion-internationale.org\/index.php\/gestion\/","title":{"rendered":"Gestion"},"content":{"rendered":"\n<h2 class=\"wp-block-heading\">Notre gestion<\/h2>\n\n\n\n<p>Conform\u00e9ment \u00e0 ce que pr\u00e9cisent nos statuts, les femmes f\u00e9d\u00e9r\u00e9es constituent l\u2019assembl\u00e9e d\u00e9lib\u00e9rative de l\u2019association. Elles \u00e9lisent leurs repr\u00e9sentants au sein du conseil d\u2019administration, r\u00e9voquent les administrateurs d\u00e9faillants et d\u00e9cident de l\u2019orientation et du fonctionnement de tous les projets. La gestion des affaires courantes est assur\u00e9e par les membres du conseil d\u2019administration.<\/p>\n\n\n\n<p>Le dispensaire sera g\u00e9r\u00e9 par un m\u00e9decin g\u00e9n\u00e9raliste disponible et qui s\u2019engage \u00e0 \u00eatre pr\u00e9sent \u00e0 temps plein, contre une r\u00e9mun\u00e9ration de 200 euros par mois. La r\u00e9mun\u00e9ration \u00e9voluera avec le projet.<\/p>\n\n\n\n<h3 class=\"wp-block-heading\">Sur site<\/h3>\n\n\n\n<p>Une \u00e9quipe sur site suivra les activit\u00e9s. D\u00e9couvrez-les:<\/p>\n\n\n\n<figure class=\"wp-block-image size-full\"><img loading=\"lazy\" decoding=\"async\" width=\"768\" height=\"1024\" src=\"https:\/\/interface-compassion-internationale.org\/wp-content\/uploads\/2021\/09\/responsables-et-coordinateurs-du-projets.jpeg\" alt=\"\" class=\"wp-image-209\" srcset=\"https:\/\/interface-compassion-internationale.org\/wp-content\/uploads\/2021\/09\/responsables-et-coordinateurs-du-projets.jpeg 768w, https:\/\/interface-compassion-internationale.org\/wp-content\/uploads\/2021\/09\/responsables-et-coordinateurs-du-projets-350x467.jpeg 350w, https:\/\/interface-compassion-internationale.org\/wp-content\/uploads\/2021\/09\/responsables-et-coordinateurs-du-projets-225x300.jpeg 225w\" sizes=\"auto, (max-width: 767px) 89vw, (max-width: 1000px) 54vw, (max-width: 1071px) 543px, 580px\" \/><figcaption>(de la gauche vers la droite) Ir Don Byamungu (ing\u00e9nieur civil), Dr Aristote Ntazongwa (m\u00e9decin g\u00e9n\u00e9raliste), Prosper Magadjou (avec le t-shirt vert, sous-chef du village de Chibanda \u00e0 Kalehe) qui a vendu le terrain et le Dr Emmanuel Mukwege (avec le pantalon rouge).<\/figcaption><\/figure>\n","protected":false},"excerpt":{"rendered":"<p>Notre gestion Conform\u00e9ment \u00e0 ce que pr\u00e9cisent nos statuts, les femmes f\u00e9d\u00e9r\u00e9es constituent l\u2019assembl\u00e9e d\u00e9lib\u00e9rative de l\u2019association. Elles \u00e9lisent leurs repr\u00e9sentants au sein du conseil d\u2019administration, r\u00e9voquent les administrateurs d\u00e9faillants et d\u00e9cident de l\u2019orientation et du fonctionnement de tous les projets. La gestion des affaires courantes est assur\u00e9e par les membres du conseil d\u2019administration. Le &hellip; <\/p>\n<p class=\"link-more\"><a href=\"https:\/\/interface-compassion-internationale.org\/index.php\/gestion\/\" class=\"more-link\">Continuer la lecture<span class=\"screen-reader-text\"> de &laquo;&nbsp;Gestion&nbsp;&raquo;<\/span><\/a><\/p>\n","protected":false},"author":2,"featured_media":0,"parent":0,"menu_order":0,"comment_status":"closed","ping_status":"closed","template":"","meta":{"footnotes":""},"class_list":["post-117","page","type-page","status-publish","hentry"],"yoast_head":"<!-- This site is optimized with the Yoast SEO plugin v27.3 - https:\/\/yoast.com\/product\/yoast-seo-wordpress\/ -->\n<title>Interface Compassion Internationale ASBL Gestion |<\/title>\n<meta name=\"robots\" content=\"index, follow, max-snippet:-1, max-image-preview:large, max-video-preview:-1\" \/>\n<link rel=\"canonical\" href=\"https:\/\/interface-compassion-internationale.org\/index.php\/gestion\/\" \/>\n<meta property=\"og:locale\" content=\"fr_FR\" \/>\n<meta property=\"og:type\" content=\"article\" \/>\n<meta property=\"og:title\" content=\"Interface Compassion Internationale ASBL Gestion |\" \/>\n<meta property=\"og:description\" content=\"Notre gestion Conform\u00e9ment \u00e0 ce que pr\u00e9cisent nos statuts, les femmes f\u00e9d\u00e9r\u00e9es constituent l\u2019assembl\u00e9e d\u00e9lib\u00e9rative de l\u2019association. Elles \u00e9lisent leurs repr\u00e9sentants au sein du conseil d\u2019administration, r\u00e9voquent les administrateurs d\u00e9faillants et d\u00e9cident de l\u2019orientation et du fonctionnement de tous les projets. La gestion des affaires courantes est assur\u00e9e par les membres du conseil d\u2019administration. Le &hellip; Continuer la lecture de &laquo;&nbsp;Gestion&nbsp;&raquo;\" \/>\n<meta property=\"og:url\" content=\"https:\/\/interface-compassion-internationale.org\/index.php\/gestion\/\" \/>\n<meta property=\"og:site_name\" content=\"Interface Compassion Internationale ASBL\" \/>\n<meta property=\"article:publisher\" content=\"https:\/\/www.facebook.com\/compassioninterIF\/\" \/>\n<meta property=\"article:modified_time\" content=\"2021-09-23T13:30:33+00:00\" \/>\n<meta property=\"og:image\" content=\"https:\/\/interface-compassion-internationale.org\/wp-content\/uploads\/2021\/09\/responsables-et-coordinateurs-du-projets.jpeg\" \/>\n<meta name=\"twitter:card\" content=\"summary_large_image\" \/>\n<meta name=\"twitter:label1\" content=\"Dur\u00e9e de lecture estim\u00e9e\" \/>\n\t<meta name=\"twitter:data1\" content=\"1 minute\" \/>\n<script type=\"application\/ld+json\" class=\"yoast-schema-graph\">{\"@context\":\"https:\\\/\\\/schema.org\",\"@graph\":[{\"@type\":\"WebPage\",\"@id\":\"https:\\\/\\\/interface-compassion-internationale.org\\\/index.php\\\/gestion\\\/\",\"url\":\"https:\\\/\\\/interface-compassion-internationale.org\\\/index.php\\\/gestion\\\/\",\"name\":\"Interface Compassion Internationale ASBL Gestion |\",\"isPartOf\":{\"@id\":\"https:\\\/\\\/interface-compassion-internationale.org\\\/#website\"},\"primaryImageOfPage\":{\"@id\":\"https:\\\/\\\/interface-compassion-internationale.org\\\/index.php\\\/gestion\\\/#primaryimage\"},\"image\":{\"@id\":\"https:\\\/\\\/interface-compassion-internationale.org\\\/index.php\\\/gestion\\\/#primaryimage\"},\"thumbnailUrl\":\"https:\\\/\\\/interface-compassion-internationale.org\\\/wp-content\\\/uploads\\\/2021\\\/09\\\/responsables-et-coordinateurs-du-projets.jpeg\",\"datePublished\":\"2021-09-06T15:12:52+00:00\",\"dateModified\":\"2021-09-23T13:30:33+00:00\",\"breadcrumb\":{\"@id\":\"https:\\\/\\\/interface-compassion-internationale.org\\\/index.php\\\/gestion\\\/#breadcrumb\"},\"inLanguage\":\"fr-FR\",\"potentialAction\":[{\"@type\":\"ReadAction\",\"target\":[\"https:\\\/\\\/interface-compassion-internationale.org\\\/index.php\\\/gestion\\\/\"]}]},{\"@type\":\"ImageObject\",\"inLanguage\":\"fr-FR\",\"@id\":\"https:\\\/\\\/interface-compassion-internationale.org\\\/index.php\\\/gestion\\\/#primaryimage\",\"url\":\"https:\\\/\\\/interface-compassion-internationale.org\\\/wp-content\\\/uploads\\\/2021\\\/09\\\/responsables-et-coordinateurs-du-projets.jpeg\",\"contentUrl\":\"https:\\\/\\\/interface-compassion-internationale.org\\\/wp-content\\\/uploads\\\/2021\\\/09\\\/responsables-et-coordinateurs-du-projets.jpeg\",\"width\":768,\"height\":1024},{\"@type\":\"BreadcrumbList\",\"@id\":\"https:\\\/\\\/interface-compassion-internationale.org\\\/index.php\\\/gestion\\\/#breadcrumb\",\"itemListElement\":[{\"@type\":\"ListItem\",\"position\":1,\"name\":\"Accueil\",\"item\":\"https:\\\/\\\/interface-compassion-internationale.org\\\/index.php\\\/language\\\/fr\\\/\"},{\"@type\":\"ListItem\",\"position\":2,\"name\":\"Gestion\"}]},{\"@type\":\"WebSite\",\"@id\":\"https:\\\/\\\/interface-compassion-internationale.org\\\/#website\",\"url\":\"https:\\\/\\\/interface-compassion-internationale.org\\\/\",\"name\":\"Interface Compassion Internationale ASBL\",\"description\":\"Aider les femmes victimes de violences sexuelles en RDC \",\"publisher\":{\"@id\":\"https:\\\/\\\/interface-compassion-internationale.org\\\/#organization\"},\"potentialAction\":[{\"@type\":\"SearchAction\",\"target\":{\"@type\":\"EntryPoint\",\"urlTemplate\":\"https:\\\/\\\/interface-compassion-internationale.org\\\/?s={search_term_string}\"},\"query-input\":{\"@type\":\"PropertyValueSpecification\",\"valueRequired\":true,\"valueName\":\"search_term_string\"}}],\"inLanguage\":\"fr-FR\"},{\"@type\":\"Organization\",\"@id\":\"https:\\\/\\\/interface-compassion-internationale.org\\\/#organization\",\"name\":\"Interface compassion internationale\",\"url\":\"https:\\\/\\\/interface-compassion-internationale.org\\\/\",\"logo\":{\"@type\":\"ImageObject\",\"inLanguage\":\"fr-FR\",\"@id\":\"https:\\\/\\\/interface-compassion-internationale.org\\\/#\\\/schema\\\/logo\\\/image\\\/\",\"url\":\"https:\\\/\\\/interface-compassion-internationale.org\\\/wp-content\\\/uploads\\\/2021\\\/09\\\/logo_white.jpg\",\"contentUrl\":\"https:\\\/\\\/interface-compassion-internationale.org\\\/wp-content\\\/uploads\\\/2021\\\/09\\\/logo_white.jpg\",\"width\":842,\"height\":892,\"caption\":\"Interface compassion internationale\"},\"image\":{\"@id\":\"https:\\\/\\\/interface-compassion-internationale.org\\\/#\\\/schema\\\/logo\\\/image\\\/\"},\"sameAs\":[\"https:\\\/\\\/www.facebook.com\\\/compassioninterIF\\\/\",\"https:\\\/\\\/www.linkedin.com\\\/company\\\/interface-compassion-internationale-asbl\\\/\",\"https:\\\/\\\/www.youtube.com\\\/channel\\\/UCzwbTCEmlfz9OXYK6XoHQew\"]}]}<\/script>\n<!-- \/ Yoast SEO plugin. -->","yoast_head_json":{"title":"Interface Compassion Internationale ASBL Gestion |","robots":{"index":"index","follow":"follow","max-snippet":"max-snippet:-1","max-image-preview":"max-image-preview:large","max-video-preview":"max-video-preview:-1"},"canonical":"https:\/\/interface-compassion-internationale.org\/index.php\/gestion\/","og_locale":"fr_FR","og_type":"article","og_title":"Interface Compassion Internationale ASBL Gestion |","og_description":"Notre gestion Conform\u00e9ment \u00e0 ce que pr\u00e9cisent nos statuts, les femmes f\u00e9d\u00e9r\u00e9es constituent l\u2019assembl\u00e9e d\u00e9lib\u00e9rative de l\u2019association. Elles \u00e9lisent leurs repr\u00e9sentants au sein du conseil d\u2019administration, r\u00e9voquent les administrateurs d\u00e9faillants et d\u00e9cident de l\u2019orientation et du fonctionnement de tous les projets. La gestion des affaires courantes est assur\u00e9e par les membres du conseil d\u2019administration. Le &hellip; Continuer la lecture de &laquo;&nbsp;Gestion&nbsp;&raquo;","og_url":"https:\/\/interface-compassion-internationale.org\/index.php\/gestion\/","og_site_name":"Interface Compassion Internationale ASBL","article_publisher":"https:\/\/www.facebook.com\/compassioninterIF\/","article_modified_time":"2021-09-23T13:30:33+00:00","og_image":[{"url":"https:\/\/interface-compassion-internationale.org\/wp-content\/uploads\/2021\/09\/responsables-et-coordinateurs-du-projets.jpeg","type":"","width":"","height":""}],"twitter_card":"summary_large_image","twitter_misc":{"Dur\u00e9e de lecture estim\u00e9e":"1 minute"},"schema":{"@context":"https:\/\/schema.org","@graph":[{"@type":"WebPage","@id":"https:\/\/interface-compassion-internationale.org\/index.php\/gestion\/","url":"https:\/\/interface-compassion-internationale.org\/index.php\/gestion\/","name":"Interface Compassion Internationale ASBL Gestion |","isPartOf":{"@id":"https:\/\/interface-compassion-internationale.org\/#website"},"primaryImageOfPage":{"@id":"https:\/\/interface-compassion-internationale.org\/index.php\/gestion\/#primaryimage"},"image":{"@id":"https:\/\/interface-compassion-internationale.org\/index.php\/gestion\/#primaryimage"},"thumbnailUrl":"https:\/\/interface-compassion-internationale.org\/wp-content\/uploads\/2021\/09\/responsables-et-coordinateurs-du-projets.jpeg","datePublished":"2021-09-06T15:12:52+00:00","dateModified":"2021-09-23T13:30:33+00:00","breadcrumb":{"@id":"https:\/\/interface-compassion-internationale.org\/index.php\/gestion\/#breadcrumb"},"inLanguage":"fr-FR","potentialAction":[{"@type":"ReadAction","target":["https:\/\/interface-compassion-internationale.org\/index.php\/gestion\/"]}]},{"@type":"ImageObject","inLanguage":"fr-FR","@id":"https:\/\/interface-compassion-internationale.org\/index.php\/gestion\/#primaryimage","url":"https:\/\/interface-compassion-internationale.org\/wp-content\/uploads\/2021\/09\/responsables-et-coordinateurs-du-projets.jpeg","contentUrl":"https:\/\/interface-compassion-internationale.org\/wp-content\/uploads\/2021\/09\/responsables-et-coordinateurs-du-projets.jpeg","width":768,"height":1024},{"@type":"BreadcrumbList","@id":"https:\/\/interface-compassion-internationale.org\/index.php\/gestion\/#breadcrumb","itemListElement":[{"@type":"ListItem","position":1,"name":"Accueil","item":"https:\/\/interface-compassion-internationale.org\/index.php\/language\/fr\/"},{"@type":"ListItem","position":2,"name":"Gestion"}]},{"@type":"WebSite","@id":"https:\/\/interface-compassion-internationale.org\/#website","url":"https:\/\/interface-compassion-internationale.org\/","name":"Interface Compassion Internationale ASBL","description":"Aider les femmes victimes de violences sexuelles en RDC ","publisher":{"@id":"https:\/\/interface-compassion-internationale.org\/#organization"},"potentialAction":[{"@type":"SearchAction","target":{"@type":"EntryPoint","urlTemplate":"https:\/\/interface-compassion-internationale.org\/?s={search_term_string}"},"query-input":{"@type":"PropertyValueSpecification","valueRequired":true,"valueName":"search_term_string"}}],"inLanguage":"fr-FR"},{"@type":"Organization","@id":"https:\/\/interface-compassion-internationale.org\/#organization","name":"Interface compassion internationale","url":"https:\/\/interface-compassion-internationale.org\/","logo":{"@type":"ImageObject","inLanguage":"fr-FR","@id":"https:\/\/interface-compassion-internationale.org\/#\/schema\/logo\/image\/","url":"https:\/\/interface-compassion-internationale.org\/wp-content\/uploads\/2021\/09\/logo_white.jpg","contentUrl":"https:\/\/interface-compassion-internationale.org\/wp-content\/uploads\/2021\/09\/logo_white.jpg","width":842,"height":892,"caption":"Interface compassion internationale"},"image":{"@id":"https:\/\/interface-compassion-internationale.org\/#\/schema\/logo\/image\/"},"sameAs":["https:\/\/www.facebook.com\/compassioninterIF\/","https:\/\/www.linkedin.com\/company\/interface-compassion-internationale-asbl\/","https:\/\/www.youtube.com\/channel\/UCzwbTCEmlfz9OXYK6XoHQew"]}]}},"jetpack_sharing_enabled":true,"_links":{"self":[{"href":"https:\/\/interface-compassion-internationale.org\/index.php\/wp-json\/wp\/v2\/pages\/117","targetHints":{"allow":["GET"]}}],"collection":[{"href":"https:\/\/interface-compassion-internationale.org\/index.php\/wp-json\/wp\/v2\/pages"}],"about":[{"href":"https:\/\/interface-compassion-internationale.org\/index.php\/wp-json\/wp\/v2\/types\/page"}],"author":[{"embeddable":true,"href":"https:\/\/interface-compassion-internationale.org\/index.php\/wp-json\/wp\/v2\/users\/2"}],"replies":[{"embeddable":true,"href":"https:\/\/interface-compassion-internationale.org\/index.php\/wp-json\/wp\/v2\/comments?post=117"}],"version-history":[{"count":3,"href":"https:\/\/interface-compassion-internationale.org\/index.php\/wp-json\/wp\/v2\/pages\/117\/revisions"}],"predecessor-version":[{"id":625,"href":"https:\/\/interface-compassion-internationale.org\/index.php\/wp-json\/wp\/v2\/pages\/117\/revisions\/625"}],"wp:attachment":[{"href":"https:\/\/interface-compassion-internationale.org\/index.php\/wp-json\/wp\/v2\/media?parent=117"}],"curies":[{"name":"wp","href":"https:\/\/api.w.org\/{rel}","templated":true}]}}