{"id":132,"date":"2021-09-07T13:21:41","date_gmt":"2021-09-07T11:21:41","guid":{"rendered":"https:\/\/interface-compassion-internationale.org\/?page_id=132"},"modified":"2021-10-01T12:29:43","modified_gmt":"2021-10-01T10:29:43","slug":"progress","status":"publish","type":"page","link":"https:\/\/interface-compassion-internationale.org\/index.php\/progress\/","title":{"rendered":"Progress"},"content":{"rendered":"\n<h2 class=\"wp-block-heading\">Progress report<\/h2>\n\n\n\n<p>The progress of the project can be followed on our <a href=\"https:\/\/www.youtube.com\/channel\/UCzwbTCEmlfz9OXYK6XoHQew\">YouTube channel<\/a>. It will be possible to discover the filmed testimonies already collected, the work in progress and all the novelties. <\/p>\n\n\n\n<p>A newsletter will be sent to donors to keep them informed.<\/p>\n\n\n\n<h3 class=\"wp-block-heading\">The first testimonies<\/h3>\n\n\n\n<p>Find here a video filmed and translated in french by Dr Emmanuel Mukwege, in July 2021, about the first donations, the first help and the professionnal transition of Mwavita. <\/p>\n\n\n\n<figure class=\"wp-block-embed is-type-video is-provider-youtube wp-block-embed-youtube wp-embed-aspect-16-9 wp-has-aspect-ratio\"><div class=\"wp-block-embed__wrapper\">\n<iframe loading=\"lazy\" title=\"Mwavita - b\u00e9n\u00e9ficiaire de microcr\u00e9dits en RDC #5\" width=\"525\" height=\"295\" src=\"https:\/\/www.youtube.com\/embed\/C97PzHE6_uk?feature=oembed\" frameborder=\"0\" allow=\"accelerometer; autoplay; clipboard-write; encrypted-media; gyroscope; picture-in-picture; web-share\" referrerpolicy=\"strict-origin-when-cross-origin\" allowfullscreen><\/iframe>\n<\/div><\/figure>\n","protected":false},"excerpt":{"rendered":"<p>Progress report The progress of the project can be followed on our YouTube channel. It will be possible to discover the filmed testimonies already collected, the work in progress and all the novelties. A newsletter will be sent to donors to keep them informed. The first testimonies Find here a video filmed and translated in &hellip; <\/p>\n<p class=\"link-more\"><a href=\"https:\/\/interface-compassion-internationale.org\/index.php\/progress\/\" class=\"more-link\">Continuer la lecture<span class=\"screen-reader-text\"> de &laquo;&nbsp;Progress&nbsp;&raquo;<\/span><\/a><\/p>\n","protected":false},"author":2,"featured_media":0,"parent":0,"menu_order":0,"comment_status":"closed","ping_status":"closed","template":"","meta":{"footnotes":""},"class_list":["post-132","page","type-page","status-publish","hentry"],"yoast_head":"<!-- This site is optimized with the Yoast SEO plugin v27.4 - https:\/\/yoast.com\/product\/yoast-seo-wordpress\/ -->\n<title>Interface Compassion Internationale ASBL Progress |<\/title>\n<meta name=\"robots\" content=\"index, follow, max-snippet:-1, max-image-preview:large, max-video-preview:-1\" \/>\n<link rel=\"canonical\" href=\"https:\/\/interface-compassion-internationale.org\/index.php\/progress\/\" \/>\n<meta property=\"og:locale\" content=\"fr_FR\" \/>\n<meta property=\"og:type\" content=\"article\" \/>\n<meta property=\"og:title\" content=\"Interface Compassion Internationale ASBL Progress |\" \/>\n<meta property=\"og:description\" content=\"Progress report The progress of the project can be followed on our YouTube channel. It will be possible to discover the filmed testimonies already collected, the work in progress and all the novelties. A newsletter will be sent to donors to keep them informed. The first testimonies Find here a video filmed and translated in &hellip; Continuer la lecture de &laquo;&nbsp;Progress&nbsp;&raquo;\" \/>\n<meta property=\"og:url\" content=\"https:\/\/interface-compassion-internationale.org\/index.php\/progress\/\" \/>\n<meta property=\"og:site_name\" content=\"Interface Compassion Internationale ASBL\" \/>\n<meta property=\"article:publisher\" content=\"https:\/\/www.facebook.com\/compassioninterIF\/\" \/>\n<meta property=\"article:modified_time\" content=\"2021-10-01T10:29:43+00:00\" \/>\n<meta name=\"twitter:card\" content=\"summary_large_image\" \/>\n<script type=\"application\/ld+json\" class=\"yoast-schema-graph\">{\"@context\":\"https:\\\/\\\/schema.org\",\"@graph\":[{\"@type\":\"WebPage\",\"@id\":\"https:\\\/\\\/interface-compassion-internationale.org\\\/index.php\\\/progress\\\/\",\"url\":\"https:\\\/\\\/interface-compassion-internationale.org\\\/index.php\\\/progress\\\/\",\"name\":\"Interface Compassion Internationale ASBL Progress |\",\"isPartOf\":{\"@id\":\"https:\\\/\\\/interface-compassion-internationale.org\\\/#website\"},\"datePublished\":\"2021-09-07T11:21:41+00:00\",\"dateModified\":\"2021-10-01T10:29:43+00:00\",\"breadcrumb\":{\"@id\":\"https:\\\/\\\/interface-compassion-internationale.org\\\/index.php\\\/progress\\\/#breadcrumb\"},\"inLanguage\":\"fr-FR\",\"potentialAction\":[{\"@type\":\"ReadAction\",\"target\":[\"https:\\\/\\\/interface-compassion-internationale.org\\\/index.php\\\/progress\\\/\"]}]},{\"@type\":\"BreadcrumbList\",\"@id\":\"https:\\\/\\\/interface-compassion-internationale.org\\\/index.php\\\/progress\\\/#breadcrumb\",\"itemListElement\":[{\"@type\":\"ListItem\",\"position\":1,\"name\":\"Accueil\",\"item\":\"https:\\\/\\\/interface-compassion-internationale.org\\\/index.php\\\/language\\\/fr\\\/\"},{\"@type\":\"ListItem\",\"position\":2,\"name\":\"Progress\"}]},{\"@type\":\"WebSite\",\"@id\":\"https:\\\/\\\/interface-compassion-internationale.org\\\/#website\",\"url\":\"https:\\\/\\\/interface-compassion-internationale.org\\\/\",\"name\":\"Interface Compassion Internationale ASBL\",\"description\":\"Aider les femmes victimes de violences sexuelles en RDC \",\"publisher\":{\"@id\":\"https:\\\/\\\/interface-compassion-internationale.org\\\/#organization\"},\"potentialAction\":[{\"@type\":\"SearchAction\",\"target\":{\"@type\":\"EntryPoint\",\"urlTemplate\":\"https:\\\/\\\/interface-compassion-internationale.org\\\/?s={search_term_string}\"},\"query-input\":{\"@type\":\"PropertyValueSpecification\",\"valueRequired\":true,\"valueName\":\"search_term_string\"}}],\"inLanguage\":\"fr-FR\"},{\"@type\":\"Organization\",\"@id\":\"https:\\\/\\\/interface-compassion-internationale.org\\\/#organization\",\"name\":\"Interface compassion internationale\",\"url\":\"https:\\\/\\\/interface-compassion-internationale.org\\\/\",\"logo\":{\"@type\":\"ImageObject\",\"inLanguage\":\"fr-FR\",\"@id\":\"https:\\\/\\\/interface-compassion-internationale.org\\\/#\\\/schema\\\/logo\\\/image\\\/\",\"url\":\"https:\\\/\\\/interface-compassion-internationale.org\\\/wp-content\\\/uploads\\\/2021\\\/09\\\/logo_white.jpg\",\"contentUrl\":\"https:\\\/\\\/interface-compassion-internationale.org\\\/wp-content\\\/uploads\\\/2021\\\/09\\\/logo_white.jpg\",\"width\":842,\"height\":892,\"caption\":\"Interface compassion internationale\"},\"image\":{\"@id\":\"https:\\\/\\\/interface-compassion-internationale.org\\\/#\\\/schema\\\/logo\\\/image\\\/\"},\"sameAs\":[\"https:\\\/\\\/www.facebook.com\\\/compassioninterIF\\\/\",\"https:\\\/\\\/www.linkedin.com\\\/company\\\/interface-compassion-internationale-asbl\\\/\",\"https:\\\/\\\/www.youtube.com\\\/channel\\\/UCzwbTCEmlfz9OXYK6XoHQew\"]}]}<\/script>\n<!-- \/ Yoast SEO plugin. -->","yoast_head_json":{"title":"Interface Compassion Internationale ASBL Progress |","robots":{"index":"index","follow":"follow","max-snippet":"max-snippet:-1","max-image-preview":"max-image-preview:large","max-video-preview":"max-video-preview:-1"},"canonical":"https:\/\/interface-compassion-internationale.org\/index.php\/progress\/","og_locale":"fr_FR","og_type":"article","og_title":"Interface Compassion Internationale ASBL Progress |","og_description":"Progress report The progress of the project can be followed on our YouTube channel. It will be possible to discover the filmed testimonies already collected, the work in progress and all the novelties. A newsletter will be sent to donors to keep them informed. The first testimonies Find here a video filmed and translated in &hellip; Continuer la lecture de &laquo;&nbsp;Progress&nbsp;&raquo;","og_url":"https:\/\/interface-compassion-internationale.org\/index.php\/progress\/","og_site_name":"Interface Compassion Internationale ASBL","article_publisher":"https:\/\/www.facebook.com\/compassioninterIF\/","article_modified_time":"2021-10-01T10:29:43+00:00","twitter_card":"summary_large_image","schema":{"@context":"https:\/\/schema.org","@graph":[{"@type":"WebPage","@id":"https:\/\/interface-compassion-internationale.org\/index.php\/progress\/","url":"https:\/\/interface-compassion-internationale.org\/index.php\/progress\/","name":"Interface Compassion Internationale ASBL Progress |","isPartOf":{"@id":"https:\/\/interface-compassion-internationale.org\/#website"},"datePublished":"2021-09-07T11:21:41+00:00","dateModified":"2021-10-01T10:29:43+00:00","breadcrumb":{"@id":"https:\/\/interface-compassion-internationale.org\/index.php\/progress\/#breadcrumb"},"inLanguage":"fr-FR","potentialAction":[{"@type":"ReadAction","target":["https:\/\/interface-compassion-internationale.org\/index.php\/progress\/"]}]},{"@type":"BreadcrumbList","@id":"https:\/\/interface-compassion-internationale.org\/index.php\/progress\/#breadcrumb","itemListElement":[{"@type":"ListItem","position":1,"name":"Accueil","item":"https:\/\/interface-compassion-internationale.org\/index.php\/language\/fr\/"},{"@type":"ListItem","position":2,"name":"Progress"}]},{"@type":"WebSite","@id":"https:\/\/interface-compassion-internationale.org\/#website","url":"https:\/\/interface-compassion-internationale.org\/","name":"Interface Compassion Internationale ASBL","description":"Aider les femmes victimes de violences sexuelles en RDC ","publisher":{"@id":"https:\/\/interface-compassion-internationale.org\/#organization"},"potentialAction":[{"@type":"SearchAction","target":{"@type":"EntryPoint","urlTemplate":"https:\/\/interface-compassion-internationale.org\/?s={search_term_string}"},"query-input":{"@type":"PropertyValueSpecification","valueRequired":true,"valueName":"search_term_string"}}],"inLanguage":"fr-FR"},{"@type":"Organization","@id":"https:\/\/interface-compassion-internationale.org\/#organization","name":"Interface compassion internationale","url":"https:\/\/interface-compassion-internationale.org\/","logo":{"@type":"ImageObject","inLanguage":"fr-FR","@id":"https:\/\/interface-compassion-internationale.org\/#\/schema\/logo\/image\/","url":"https:\/\/interface-compassion-internationale.org\/wp-content\/uploads\/2021\/09\/logo_white.jpg","contentUrl":"https:\/\/interface-compassion-internationale.org\/wp-content\/uploads\/2021\/09\/logo_white.jpg","width":842,"height":892,"caption":"Interface compassion internationale"},"image":{"@id":"https:\/\/interface-compassion-internationale.org\/#\/schema\/logo\/image\/"},"sameAs":["https:\/\/www.facebook.com\/compassioninterIF\/","https:\/\/www.linkedin.com\/company\/interface-compassion-internationale-asbl\/","https:\/\/www.youtube.com\/channel\/UCzwbTCEmlfz9OXYK6XoHQew"]}]}},"jetpack_sharing_enabled":true,"_links":{"self":[{"href":"https:\/\/interface-compassion-internationale.org\/index.php\/wp-json\/wp\/v2\/pages\/132","targetHints":{"allow":["GET"]}}],"collection":[{"href":"https:\/\/interface-compassion-internationale.org\/index.php\/wp-json\/wp\/v2\/pages"}],"about":[{"href":"https:\/\/interface-compassion-internationale.org\/index.php\/wp-json\/wp\/v2\/types\/page"}],"author":[{"embeddable":true,"href":"https:\/\/interface-compassion-internationale.org\/index.php\/wp-json\/wp\/v2\/users\/2"}],"replies":[{"embeddable":true,"href":"https:\/\/interface-compassion-internationale.org\/index.php\/wp-json\/wp\/v2\/comments?post=132"}],"version-history":[{"count":7,"href":"https:\/\/interface-compassion-internationale.org\/index.php\/wp-json\/wp\/v2\/pages\/132\/revisions"}],"predecessor-version":[{"id":732,"href":"https:\/\/interface-compassion-internationale.org\/index.php\/wp-json\/wp\/v2\/pages\/132\/revisions\/732"}],"wp:attachment":[{"href":"https:\/\/interface-compassion-internationale.org\/index.php\/wp-json\/wp\/v2\/media?parent=132"}],"curies":[{"name":"wp","href":"https:\/\/api.w.org\/{rel}","templated":true}]}}