{"id":134,"date":"2021-09-07T13:34:01","date_gmt":"2021-09-07T11:34:01","guid":{"rendered":"https:\/\/interface-compassion-internationale.org\/?page_id=134"},"modified":"2024-07-10T12:59:49","modified_gmt":"2024-07-10T10:59:49","slug":"donations-fr","status":"publish","type":"page","link":"https:\/\/interface-compassion-internationale.org\/index.php\/donations-fr\/","title":{"rendered":"Donations"},"content":{"rendered":"\n<h2 class=\"wp-block-heading\">R\u00e9aliser une donation<\/h2>\n\n\n\n<p>Afin de nous aider \u00e0 soutenir les femmes victimes de violences sexuelles en RDC, nous avons besoin de vous ! Chaque euro donn\u00e9 sera utilis\u00e9 pour l&rsquo;octroi de micro-cr\u00e9dits \u00e0 ces femmes, les accompagner dans leur d\u00e9marche professionnelle et pour la construction et l&rsquo;\u00e9quipement du dispensaire m\u00e9dical \u00e0 Kalehe.<\/p>\n\n\n\n<p><strong>Tout don peut \u00eatre vers\u00e9 sur notre compte bancaire CBC BE32 7320 6173 5602 (BIC : CREGBEBB<\/strong>)<strong>, au nom de l&rsquo;ASBL ICI avec la communication suivante&nbsp;: \u00ab&nbsp;don&nbsp;\u00bb.<\/strong><\/p>\n\n\n\n<p><\/p>\n\n\n\n<p><\/p>\n\n\n\n<h2 class=\"wp-block-heading\">Vos avantages<\/h2>\n\n\n\n<p>Nous souhaitons impliquer nos donateurs dans notre projet et ils pourront mesurer l\u2019impact de leur g\u00e9n\u00e9rosit\u00e9 de la mani\u00e8re suivante :<\/p>\n\n\n\n<ul class=\"wp-block-list\">\n<li><strong>d\u00e8s le premier euro :<\/strong> mailing trimestriel sur l&rsquo;avanc\u00e9e de nos projets (adresse e-mail \u00e0 fournir) ;<\/li>\n\n\n\n<li><strong>d\u00e8s 50 euros :<\/strong> l\u2019avantage ci-dessus + inscription d\u2019un an comme membre adh\u00e9rent sur demande (coordonn\u00e9es \u00e0 fournir) + acc\u00e8s \u00e0 une vid\u00e9o priv\u00e9e r\u00e9serv\u00e9e aux donateurs (non r\u00e9pertori\u00e9e sur YouTube ni sur la cha\u00eene) avec des contenus exclusifs ;<\/li>\n\n\n\n<li><strong>d\u00e8s 500 euros :<\/strong> les avantages ci-dessus + nom du donateur (ou de l\u2019entreprise) cit\u00e9 sur notre site web ;<\/li>\n\n\n\n<li><strong>d\u00e8s 1000 euros :<\/strong> les avantages ci-dessus + acc\u00e8s au rapport comptable annuel pour constater comment l&rsquo;argent est investi + titre \u00ab&nbsp;<strong>Silver Sponsor<\/strong>&nbsp;\u00bb sur notre site web ;<\/li>\n\n\n\n<li><strong>d\u00e8s 5000 euros :<\/strong> : les avantages ci-dessus + titre \u00ab <strong>Gold Sponsor<\/strong> \u00bb sur notre site web + inscription comme membre adh\u00e9rent \u00e0 vie + coffret cadeau d&rsquo;articles locaux + invitation \u00e0 l\u2019Assembl\u00e9e G\u00e9n\u00e9rale annuelle ;<\/li>\n\n\n\n<li><strong>d\u00e8s 10 000 euros :<\/strong> les avantages ci-dessus + titre \u00ab&nbsp;<strong>Platinum Sponsor<\/strong>&nbsp;\u00bb sur notre site web + coffret cadeau d&rsquo;articles locaux personnalis\u00e9s + invitation \u00e0 un repas avec les membres de l&rsquo;ASBL.<\/li>\n\n\n\n<li><strong>D\u00e8s 20 000 euros :<\/strong> Tous les avantages d\u00e9j\u00e0 cit\u00e9s. Une <strong>plaque <\/strong>avec le nom et le logo du donateur sera appos\u00e9e \u00e0 l\u2019entr\u00e9e du centre m\u00e9dical.<\/li>\n\n\n\n<li><strong>D\u00e8s 50 000 euros :<\/strong> Tous les avantages d\u00e9j\u00e0 cit\u00e9s. Le donateur sera syst\u00e9matiquement associ\u00e9 \u00e0 chaque communication \u00e9v\u00e8nementielle.<\/li>\n\n\n\n<li><strong>D\u00e8s 100 000 euros : <\/strong>Tous les avantages d\u00e9j\u00e0 cit\u00e9s. Un pavillon pourra porter un nom au choix du donateur (apr\u00e8s approbation du Conseil d\u2019Administration des associations ICI et ICI-RDC).<\/li>\n<\/ul>\n","protected":false},"excerpt":{"rendered":"<p>R\u00e9aliser une donation Afin de nous aider \u00e0 soutenir les femmes victimes de violences sexuelles en RDC, nous avons besoin de vous ! Chaque euro donn\u00e9 sera utilis\u00e9 pour l&rsquo;octroi de micro-cr\u00e9dits \u00e0 ces femmes, les accompagner dans leur d\u00e9marche professionnelle et pour la construction et l&rsquo;\u00e9quipement du dispensaire m\u00e9dical \u00e0 Kalehe. Tout don peut &hellip; <\/p>\n<p class=\"link-more\"><a href=\"https:\/\/interface-compassion-internationale.org\/index.php\/donations-fr\/\" class=\"more-link\">Continuer la lecture<span class=\"screen-reader-text\"> de &laquo;&nbsp;Donations&nbsp;&raquo;<\/span><\/a><\/p>\n","protected":false},"author":2,"featured_media":0,"parent":0,"menu_order":0,"comment_status":"closed","ping_status":"closed","template":"","meta":{"footnotes":""},"class_list":["post-134","page","type-page","status-publish","hentry"],"yoast_head":"<!-- This site is optimized with the Yoast SEO plugin v27.4 - https:\/\/yoast.com\/product\/yoast-seo-wordpress\/ -->\n<title>Interface Compassion Internationale ASBL Donations |<\/title>\n<meta name=\"robots\" content=\"index, follow, max-snippet:-1, max-image-preview:large, max-video-preview:-1\" \/>\n<link rel=\"canonical\" href=\"https:\/\/interface-compassion-internationale.org\/index.php\/donations-fr\/\" \/>\n<meta property=\"og:locale\" content=\"fr_FR\" \/>\n<meta property=\"og:type\" content=\"article\" \/>\n<meta property=\"og:title\" content=\"Interface Compassion Internationale ASBL Donations |\" \/>\n<meta property=\"og:description\" content=\"R\u00e9aliser une donation Afin de nous aider \u00e0 soutenir les femmes victimes de violences sexuelles en RDC, nous avons besoin de vous ! Chaque euro donn\u00e9 sera utilis\u00e9 pour l&rsquo;octroi de micro-cr\u00e9dits \u00e0 ces femmes, les accompagner dans leur d\u00e9marche professionnelle et pour la construction et l&rsquo;\u00e9quipement du dispensaire m\u00e9dical \u00e0 Kalehe. Tout don peut &hellip; Continuer la lecture de &laquo;&nbsp;Donations&nbsp;&raquo;\" \/>\n<meta property=\"og:url\" content=\"https:\/\/interface-compassion-internationale.org\/index.php\/donations-fr\/\" \/>\n<meta property=\"og:site_name\" content=\"Interface Compassion Internationale ASBL\" \/>\n<meta property=\"article:publisher\" content=\"https:\/\/www.facebook.com\/compassioninterIF\/\" \/>\n<meta property=\"article:modified_time\" content=\"2024-07-10T10:59:49+00:00\" \/>\n<meta name=\"twitter:card\" content=\"summary_large_image\" \/>\n<meta name=\"twitter:label1\" content=\"Dur\u00e9e de lecture estim\u00e9e\" \/>\n\t<meta name=\"twitter:data1\" content=\"2 minutes\" \/>\n<script type=\"application\/ld+json\" class=\"yoast-schema-graph\">{\"@context\":\"https:\\\/\\\/schema.org\",\"@graph\":[{\"@type\":\"WebPage\",\"@id\":\"https:\\\/\\\/interface-compassion-internationale.org\\\/index.php\\\/donations-fr\\\/\",\"url\":\"https:\\\/\\\/interface-compassion-internationale.org\\\/index.php\\\/donations-fr\\\/\",\"name\":\"Interface Compassion Internationale ASBL Donations |\",\"isPartOf\":{\"@id\":\"https:\\\/\\\/interface-compassion-internationale.org\\\/#website\"},\"datePublished\":\"2021-09-07T11:34:01+00:00\",\"dateModified\":\"2024-07-10T10:59:49+00:00\",\"breadcrumb\":{\"@id\":\"https:\\\/\\\/interface-compassion-internationale.org\\\/index.php\\\/donations-fr\\\/#breadcrumb\"},\"inLanguage\":\"fr-FR\",\"potentialAction\":[{\"@type\":\"ReadAction\",\"target\":[\"https:\\\/\\\/interface-compassion-internationale.org\\\/index.php\\\/donations-fr\\\/\"]}]},{\"@type\":\"BreadcrumbList\",\"@id\":\"https:\\\/\\\/interface-compassion-internationale.org\\\/index.php\\\/donations-fr\\\/#breadcrumb\",\"itemListElement\":[{\"@type\":\"ListItem\",\"position\":1,\"name\":\"Accueil\",\"item\":\"https:\\\/\\\/interface-compassion-internationale.org\\\/index.php\\\/language\\\/fr\\\/\"},{\"@type\":\"ListItem\",\"position\":2,\"name\":\"Donations\"}]},{\"@type\":\"WebSite\",\"@id\":\"https:\\\/\\\/interface-compassion-internationale.org\\\/#website\",\"url\":\"https:\\\/\\\/interface-compassion-internationale.org\\\/\",\"name\":\"Interface Compassion Internationale ASBL\",\"description\":\"Aider les femmes victimes de violences sexuelles en RDC \",\"publisher\":{\"@id\":\"https:\\\/\\\/interface-compassion-internationale.org\\\/#organization\"},\"potentialAction\":[{\"@type\":\"SearchAction\",\"target\":{\"@type\":\"EntryPoint\",\"urlTemplate\":\"https:\\\/\\\/interface-compassion-internationale.org\\\/?s={search_term_string}\"},\"query-input\":{\"@type\":\"PropertyValueSpecification\",\"valueRequired\":true,\"valueName\":\"search_term_string\"}}],\"inLanguage\":\"fr-FR\"},{\"@type\":\"Organization\",\"@id\":\"https:\\\/\\\/interface-compassion-internationale.org\\\/#organization\",\"name\":\"Interface compassion internationale\",\"url\":\"https:\\\/\\\/interface-compassion-internationale.org\\\/\",\"logo\":{\"@type\":\"ImageObject\",\"inLanguage\":\"fr-FR\",\"@id\":\"https:\\\/\\\/interface-compassion-internationale.org\\\/#\\\/schema\\\/logo\\\/image\\\/\",\"url\":\"https:\\\/\\\/interface-compassion-internationale.org\\\/wp-content\\\/uploads\\\/2021\\\/09\\\/logo_white.jpg\",\"contentUrl\":\"https:\\\/\\\/interface-compassion-internationale.org\\\/wp-content\\\/uploads\\\/2021\\\/09\\\/logo_white.jpg\",\"width\":842,\"height\":892,\"caption\":\"Interface compassion internationale\"},\"image\":{\"@id\":\"https:\\\/\\\/interface-compassion-internationale.org\\\/#\\\/schema\\\/logo\\\/image\\\/\"},\"sameAs\":[\"https:\\\/\\\/www.facebook.com\\\/compassioninterIF\\\/\",\"https:\\\/\\\/www.linkedin.com\\\/company\\\/interface-compassion-internationale-asbl\\\/\",\"https:\\\/\\\/www.youtube.com\\\/channel\\\/UCzwbTCEmlfz9OXYK6XoHQew\"]}]}<\/script>\n<!-- \/ Yoast SEO plugin. -->","yoast_head_json":{"title":"Interface Compassion Internationale ASBL Donations |","robots":{"index":"index","follow":"follow","max-snippet":"max-snippet:-1","max-image-preview":"max-image-preview:large","max-video-preview":"max-video-preview:-1"},"canonical":"https:\/\/interface-compassion-internationale.org\/index.php\/donations-fr\/","og_locale":"fr_FR","og_type":"article","og_title":"Interface Compassion Internationale ASBL Donations |","og_description":"R\u00e9aliser une donation Afin de nous aider \u00e0 soutenir les femmes victimes de violences sexuelles en RDC, nous avons besoin de vous ! Chaque euro donn\u00e9 sera utilis\u00e9 pour l&rsquo;octroi de micro-cr\u00e9dits \u00e0 ces femmes, les accompagner dans leur d\u00e9marche professionnelle et pour la construction et l&rsquo;\u00e9quipement du dispensaire m\u00e9dical \u00e0 Kalehe. Tout don peut &hellip; Continuer la lecture de &laquo;&nbsp;Donations&nbsp;&raquo;","og_url":"https:\/\/interface-compassion-internationale.org\/index.php\/donations-fr\/","og_site_name":"Interface Compassion Internationale ASBL","article_publisher":"https:\/\/www.facebook.com\/compassioninterIF\/","article_modified_time":"2024-07-10T10:59:49+00:00","twitter_card":"summary_large_image","twitter_misc":{"Dur\u00e9e de lecture estim\u00e9e":"2 minutes"},"schema":{"@context":"https:\/\/schema.org","@graph":[{"@type":"WebPage","@id":"https:\/\/interface-compassion-internationale.org\/index.php\/donations-fr\/","url":"https:\/\/interface-compassion-internationale.org\/index.php\/donations-fr\/","name":"Interface Compassion Internationale ASBL Donations |","isPartOf":{"@id":"https:\/\/interface-compassion-internationale.org\/#website"},"datePublished":"2021-09-07T11:34:01+00:00","dateModified":"2024-07-10T10:59:49+00:00","breadcrumb":{"@id":"https:\/\/interface-compassion-internationale.org\/index.php\/donations-fr\/#breadcrumb"},"inLanguage":"fr-FR","potentialAction":[{"@type":"ReadAction","target":["https:\/\/interface-compassion-internationale.org\/index.php\/donations-fr\/"]}]},{"@type":"BreadcrumbList","@id":"https:\/\/interface-compassion-internationale.org\/index.php\/donations-fr\/#breadcrumb","itemListElement":[{"@type":"ListItem","position":1,"name":"Accueil","item":"https:\/\/interface-compassion-internationale.org\/index.php\/language\/fr\/"},{"@type":"ListItem","position":2,"name":"Donations"}]},{"@type":"WebSite","@id":"https:\/\/interface-compassion-internationale.org\/#website","url":"https:\/\/interface-compassion-internationale.org\/","name":"Interface Compassion Internationale ASBL","description":"Aider les femmes victimes de violences sexuelles en RDC ","publisher":{"@id":"https:\/\/interface-compassion-internationale.org\/#organization"},"potentialAction":[{"@type":"SearchAction","target":{"@type":"EntryPoint","urlTemplate":"https:\/\/interface-compassion-internationale.org\/?s={search_term_string}"},"query-input":{"@type":"PropertyValueSpecification","valueRequired":true,"valueName":"search_term_string"}}],"inLanguage":"fr-FR"},{"@type":"Organization","@id":"https:\/\/interface-compassion-internationale.org\/#organization","name":"Interface compassion internationale","url":"https:\/\/interface-compassion-internationale.org\/","logo":{"@type":"ImageObject","inLanguage":"fr-FR","@id":"https:\/\/interface-compassion-internationale.org\/#\/schema\/logo\/image\/","url":"https:\/\/interface-compassion-internationale.org\/wp-content\/uploads\/2021\/09\/logo_white.jpg","contentUrl":"https:\/\/interface-compassion-internationale.org\/wp-content\/uploads\/2021\/09\/logo_white.jpg","width":842,"height":892,"caption":"Interface compassion internationale"},"image":{"@id":"https:\/\/interface-compassion-internationale.org\/#\/schema\/logo\/image\/"},"sameAs":["https:\/\/www.facebook.com\/compassioninterIF\/","https:\/\/www.linkedin.com\/company\/interface-compassion-internationale-asbl\/","https:\/\/www.youtube.com\/channel\/UCzwbTCEmlfz9OXYK6XoHQew"]}]}},"jetpack_sharing_enabled":true,"_links":{"self":[{"href":"https:\/\/interface-compassion-internationale.org\/index.php\/wp-json\/wp\/v2\/pages\/134","targetHints":{"allow":["GET"]}}],"collection":[{"href":"https:\/\/interface-compassion-internationale.org\/index.php\/wp-json\/wp\/v2\/pages"}],"about":[{"href":"https:\/\/interface-compassion-internationale.org\/index.php\/wp-json\/wp\/v2\/types\/page"}],"author":[{"embeddable":true,"href":"https:\/\/interface-compassion-internationale.org\/index.php\/wp-json\/wp\/v2\/users\/2"}],"replies":[{"embeddable":true,"href":"https:\/\/interface-compassion-internationale.org\/index.php\/wp-json\/wp\/v2\/comments?post=134"}],"version-history":[{"count":20,"href":"https:\/\/interface-compassion-internationale.org\/index.php\/wp-json\/wp\/v2\/pages\/134\/revisions"}],"predecessor-version":[{"id":1018,"href":"https:\/\/interface-compassion-internationale.org\/index.php\/wp-json\/wp\/v2\/pages\/134\/revisions\/1018"}],"wp:attachment":[{"href":"https:\/\/interface-compassion-internationale.org\/index.php\/wp-json\/wp\/v2\/media?parent=134"}],"curies":[{"name":"wp","href":"https:\/\/api.w.org\/{rel}","templated":true}]}}