{"id":299,"date":"2021-09-11T10:09:03","date_gmt":"2021-09-11T08:09:03","guid":{"rendered":"https:\/\/interface-compassion-internationale.org\/?page_id=299"},"modified":"2021-09-26T08:46:31","modified_gmt":"2021-09-26T06:46:31","slug":"mentions-legales","status":"publish","type":"page","link":"https:\/\/interface-compassion-internationale.org\/index.php\/mentions-legales\/","title":{"rendered":"Mentions l\u00e9gales"},"content":{"rendered":"\n<h2 class=\"wp-block-heading\">Mentions l\u00e9gales<\/h2>\n\n\n\n<h3 class=\"wp-block-heading\">Informations g\u00e9n\u00e9rales sur l&rsquo;ASBL Interface Compassion Internationale<\/h3>\n\n\n\n<ul class=\"wp-block-list\"><li>Vos r\u00e9f\u00e9rents: Dr E. C. Mukwege, Dr C. Mostosi<\/li><li>Type: association<\/li><li>Contact: <a href=\"https:\/\/interface-compassion-internationale.org\/index.php\/contact\/\">via le formulaire du site<\/a><\/li><li>Num\u00e9ro BCE: 0774.581.820<\/li><\/ul>\n\n\n\n<h2 class=\"wp-block-heading\">Collecte de donn\u00e9es<\/h2>\n\n\n\n<p>Lors de votre visite sur le site internet www.interface-compassion-internationale.org, certaines donn\u00e9es sont collect\u00e9es. L&rsquo;association apporte un soin particulier \u00e0 la protection de ces donn\u00e9es en suivant les dispositions l\u00e9gales \u00e0 ce sujet.<\/p>\n\n\n\n<p>Les donn\u00e9es de navigation (tel la visite des pages), les caract\u00e8res techniques, etc. sont automatiquement enregistr\u00e9s par l\u2019h\u00e9bergeur OVH dans un fichier journal dans le centre de donn\u00e9es de celui-ci. &nbsp;Diverses statistiques sont aussi r\u00e9colt\u00e9es par le greffon JetPack install\u00e9 sur le site (non visible par le visiteur).<\/p>\n\n\n\n<p>L&rsquo;association conserve ces donn\u00e9es \u00e0 caract\u00e8re personnelle. L&rsquo;association est la personne morale r\u00e9ponsable et unique destinatrice de ces donn\u00e9es, collect\u00e9es dans le but unique de pouvoir vous contacter, d\u2019am\u00e9liorer la navigation sur le site internet et de pouvoir am\u00e9liorer les services \u00e9lectroniques de celui-ci.<\/p>\n\n\n\n<p>Actuellement les donn\u00e9es sont conserv\u00e9es de mani\u00e8re illimit\u00e9e, mais vous pouvez demander la modification, l\u2019effacement ou une copie des donn\u00e9es concern\u00e9es. Cette demande se r\u00e9alise via le formulaire de contact.<\/p>\n\n\n\n<p>Vous avez le droit d\u2019introduire une r\u00e9clamation \u00e0 La Commission de la protection de la vie priv\u00e9e (autorit\u00e9 comp\u00e9tente en Belgique). Le droit comp\u00e9tant pour ce site internet est le droit belge (voir aussi ci-apr\u00e8s).<\/p>\n\n\n\n<p>Divers liens sont aussi disponibles sur la collecte de donn\u00e9es dans la section Informations compl\u00e9mentaires <\/p>\n\n\n\n<h2 class=\"wp-block-heading\">Utilisation des cookies<\/h2>\n\n\n\n<p>Ce site utilise des cookies afin de collecter certaines donn\u00e9es et de faciliter votre navigation au travers des diff\u00e9rents services. En naviguant sur ce site internet, vous acceptez l\u2019utilisation de ceux-ci, la collecte de diverses donn\u00e9es par les greffons (pouvant contenir un outil d\u2019analyse tant pour la statistique que pour la facilit\u00e9 de navigation).<\/p>\n\n\n\n<p>Vous trouverez toutes les informations l\u00e9gales sur ces cookies \u00e0 la page&nbsp;https:\/\/automattic.com\/cookies\/ (repr\u00e9sentant le greffon JetPack), \u00e0 la page https:\/\/policies.google.com\/privacy?hl=en (repr\u00e9sentant le lien avec YouTubes). Divers r\u00e9seaux sociaux peuvent se rajouter, vous trouverez plus d&rsquo;informations dans la section Informations compl\u00e9mentaires.<\/p>\n\n\n\n<p>Divers liens sont aussi disponibles sur les cookies dans la section Informations compl\u00e9mentaires<\/p>\n\n\n\n<h2 class=\"wp-block-heading\">L\u00e9gislation<\/h2>\n\n\n\n<p>La l\u00e9gislation en vigueur pour r\u00e9gir ce site internet, toute communication ou tout ce qui concerne l&rsquo;association est la l\u00e9gislation belge. La langue est le fran\u00e7ais. <\/p>\n\n\n\n<h2 class=\"wp-block-heading\">Informations compl\u00e9mentaires<\/h2>\n\n\n\n<ul class=\"wp-block-list\"><li>Mentions l\u00e9gales OVH https:\/\/www.ovh.com\/fr\/support\/mentions-legales\/<\/li><li>Mentions l\u00e9gales JetPack&nbsp;(support\u00e9 par WordPress) :<ul><li>https:\/\/en.wordpress.com\/tos\/ (anglais)<\/li><li>https:\/\/automattic.com\/privacy\/ (anglais)<\/li><\/ul><\/li><li>Polices d&rsquo;informations et d&rsquo;utilisation de YouTubes https:\/\/www.youtube.com\/about\/policies\/<\/li><li>Mentions l\u00e9gales du greffon SEO All in one https:\/\/semperplugins.com\/terms\/<\/li><li>Mentions l\u00e9gales du greffon Wordfence https:\/\/www.wordfence.com\/privacy-policy\/<\/li><li>Mentions l\u00e9gales du th\u00e8me maitre Twenty Seventeen https:\/\/wordpress.org\/about\/privacy\/<\/li><li>Mentions l\u00e9gales de l&rsquo;interface d&rsquo;administration https:\/\/weblizar.com\/plugins\/<\/li><li>Mentions l\u00e9gales sur les formulaires de contact https:\/\/rocklobster.in\/about\/<\/li><li>Mentions l\u00e9gales sur la gestion des cookies (greffon RGPD Consent) https:\/\/www.webtoffee.com\/privacy-policy\/<\/li><li>Mentions l\u00e9gales sur la gestion des langues https:\/\/polylang.pro\/privacy-policy\/<\/li><li>Mentions l\u00e9gales pour la page de maintenance https:\/\/designmodo.com\/privacy-statement\/ <\/li><\/ul>\n\n\n\n<h2 class=\"wp-block-heading\">Images<\/h2>\n\n\n\n<p>Certaines images proviennent du site <a href=\"http:\/\/www.pixabay.com\">Pixabay<\/a> et sont distribu\u00e9e sous <a rel=\"noreferrer noopener\" href=\"https:\/\/creativecommons.org\/publicdomain\/zero\/1.0\/deed.fr\" target=\"_blank\">licence CC0<\/a> (creative commons zero).<\/p>\n\n\n\n<p>Si la licence change, ou si une erreur est pr\u00e9sente n\u2019h\u00e9sitez pas \u00e0 contacter l&rsquo;association via le formulaire de contact de la page d\u2019accueil.<\/p>\n\n\n\n<h2 class=\"wp-block-heading\">Gestion du contenu<\/h2>\n\n\n\n<p>Le site est propuls\u00e9 par <a rel=\"noreferrer noopener\" href=\"https:\/\/wordpress.org\" target=\"_blank\">WordPress<\/a> avec le th\u00e8me Twenty seventeen et le th\u00e8me enfant Interface Compassion Internationale (sous th\u00e8me sp\u00e9cifique pour l&rsquo;association, bas\u00e9 sur le th\u00e8me pr\u00e9cit\u00e9).<\/p>\n","protected":false},"excerpt":{"rendered":"<p>Mentions l\u00e9gales Informations g\u00e9n\u00e9rales sur l&rsquo;ASBL Interface Compassion Internationale Vos r\u00e9f\u00e9rents: Dr E. C. Mukwege, Dr C. Mostosi Type: association Contact: via le formulaire du site Num\u00e9ro BCE: 0774.581.820 Collecte de donn\u00e9es Lors de votre visite sur le site internet www.interface-compassion-internationale.org, certaines donn\u00e9es sont collect\u00e9es. L&rsquo;association apporte un soin particulier \u00e0 la protection de ces &hellip; <\/p>\n<p class=\"link-more\"><a href=\"https:\/\/interface-compassion-internationale.org\/index.php\/mentions-legales\/\" class=\"more-link\">Continuer la lecture<span class=\"screen-reader-text\"> de &laquo;&nbsp;Mentions l\u00e9gales&nbsp;&raquo;<\/span><\/a><\/p>\n","protected":false},"author":2,"featured_media":0,"parent":0,"menu_order":0,"comment_status":"closed","ping_status":"closed","template":"","meta":{"footnotes":""},"class_list":["post-299","page","type-page","status-publish","hentry"],"yoast_head":"<!-- This site is optimized with the Yoast SEO plugin v27.4 - https:\/\/yoast.com\/product\/yoast-seo-wordpress\/ -->\n<title>Interface Compassion Internationale ASBL Mentions l\u00e9gales |<\/title>\n<meta name=\"robots\" content=\"index, follow, max-snippet:-1, max-image-preview:large, max-video-preview:-1\" \/>\n<link rel=\"canonical\" href=\"https:\/\/interface-compassion-internationale.org\/index.php\/mentions-legales\/\" \/>\n<meta property=\"og:locale\" content=\"fr_FR\" \/>\n<meta property=\"og:type\" content=\"article\" \/>\n<meta property=\"og:title\" content=\"Interface Compassion Internationale ASBL Mentions l\u00e9gales |\" \/>\n<meta property=\"og:description\" content=\"Mentions l\u00e9gales Informations g\u00e9n\u00e9rales sur l&rsquo;ASBL Interface Compassion Internationale Vos r\u00e9f\u00e9rents: Dr E. C. Mukwege, Dr C. Mostosi Type: association Contact: via le formulaire du site Num\u00e9ro BCE: 0774.581.820 Collecte de donn\u00e9es Lors de votre visite sur le site internet www.interface-compassion-internationale.org, certaines donn\u00e9es sont collect\u00e9es. L&rsquo;association apporte un soin particulier \u00e0 la protection de ces &hellip; Continuer la lecture de &laquo;&nbsp;Mentions l\u00e9gales&nbsp;&raquo;\" \/>\n<meta property=\"og:url\" content=\"https:\/\/interface-compassion-internationale.org\/index.php\/mentions-legales\/\" \/>\n<meta property=\"og:site_name\" content=\"Interface Compassion Internationale ASBL\" \/>\n<meta property=\"article:publisher\" content=\"https:\/\/www.facebook.com\/compassioninterIF\/\" \/>\n<meta property=\"article:modified_time\" content=\"2021-09-26T06:46:31+00:00\" \/>\n<meta name=\"twitter:card\" content=\"summary_large_image\" \/>\n<meta name=\"twitter:label1\" content=\"Dur\u00e9e de lecture estim\u00e9e\" \/>\n\t<meta name=\"twitter:data1\" content=\"3 minutes\" \/>\n<script type=\"application\/ld+json\" class=\"yoast-schema-graph\">{\"@context\":\"https:\\\/\\\/schema.org\",\"@graph\":[{\"@type\":\"WebPage\",\"@id\":\"https:\\\/\\\/interface-compassion-internationale.org\\\/index.php\\\/mentions-legales\\\/\",\"url\":\"https:\\\/\\\/interface-compassion-internationale.org\\\/index.php\\\/mentions-legales\\\/\",\"name\":\"Interface Compassion Internationale ASBL Mentions l\u00e9gales |\",\"isPartOf\":{\"@id\":\"https:\\\/\\\/interface-compassion-internationale.org\\\/#website\"},\"datePublished\":\"2021-09-11T08:09:03+00:00\",\"dateModified\":\"2021-09-26T06:46:31+00:00\",\"breadcrumb\":{\"@id\":\"https:\\\/\\\/interface-compassion-internationale.org\\\/index.php\\\/mentions-legales\\\/#breadcrumb\"},\"inLanguage\":\"fr-FR\",\"potentialAction\":[{\"@type\":\"ReadAction\",\"target\":[\"https:\\\/\\\/interface-compassion-internationale.org\\\/index.php\\\/mentions-legales\\\/\"]}]},{\"@type\":\"BreadcrumbList\",\"@id\":\"https:\\\/\\\/interface-compassion-internationale.org\\\/index.php\\\/mentions-legales\\\/#breadcrumb\",\"itemListElement\":[{\"@type\":\"ListItem\",\"position\":1,\"name\":\"Accueil\",\"item\":\"https:\\\/\\\/interface-compassion-internationale.org\\\/index.php\\\/language\\\/fr\\\/\"},{\"@type\":\"ListItem\",\"position\":2,\"name\":\"Mentions l\u00e9gales\"}]},{\"@type\":\"WebSite\",\"@id\":\"https:\\\/\\\/interface-compassion-internationale.org\\\/#website\",\"url\":\"https:\\\/\\\/interface-compassion-internationale.org\\\/\",\"name\":\"Interface Compassion Internationale ASBL\",\"description\":\"Aider les femmes victimes de violences sexuelles en RDC \",\"publisher\":{\"@id\":\"https:\\\/\\\/interface-compassion-internationale.org\\\/#organization\"},\"potentialAction\":[{\"@type\":\"SearchAction\",\"target\":{\"@type\":\"EntryPoint\",\"urlTemplate\":\"https:\\\/\\\/interface-compassion-internationale.org\\\/?s={search_term_string}\"},\"query-input\":{\"@type\":\"PropertyValueSpecification\",\"valueRequired\":true,\"valueName\":\"search_term_string\"}}],\"inLanguage\":\"fr-FR\"},{\"@type\":\"Organization\",\"@id\":\"https:\\\/\\\/interface-compassion-internationale.org\\\/#organization\",\"name\":\"Interface compassion internationale\",\"url\":\"https:\\\/\\\/interface-compassion-internationale.org\\\/\",\"logo\":{\"@type\":\"ImageObject\",\"inLanguage\":\"fr-FR\",\"@id\":\"https:\\\/\\\/interface-compassion-internationale.org\\\/#\\\/schema\\\/logo\\\/image\\\/\",\"url\":\"https:\\\/\\\/interface-compassion-internationale.org\\\/wp-content\\\/uploads\\\/2021\\\/09\\\/logo_white.jpg\",\"contentUrl\":\"https:\\\/\\\/interface-compassion-internationale.org\\\/wp-content\\\/uploads\\\/2021\\\/09\\\/logo_white.jpg\",\"width\":842,\"height\":892,\"caption\":\"Interface compassion internationale\"},\"image\":{\"@id\":\"https:\\\/\\\/interface-compassion-internationale.org\\\/#\\\/schema\\\/logo\\\/image\\\/\"},\"sameAs\":[\"https:\\\/\\\/www.facebook.com\\\/compassioninterIF\\\/\",\"https:\\\/\\\/www.linkedin.com\\\/company\\\/interface-compassion-internationale-asbl\\\/\",\"https:\\\/\\\/www.youtube.com\\\/channel\\\/UCzwbTCEmlfz9OXYK6XoHQew\"]}]}<\/script>\n<!-- \/ Yoast SEO plugin. -->","yoast_head_json":{"title":"Interface Compassion Internationale ASBL Mentions l\u00e9gales |","robots":{"index":"index","follow":"follow","max-snippet":"max-snippet:-1","max-image-preview":"max-image-preview:large","max-video-preview":"max-video-preview:-1"},"canonical":"https:\/\/interface-compassion-internationale.org\/index.php\/mentions-legales\/","og_locale":"fr_FR","og_type":"article","og_title":"Interface Compassion Internationale ASBL Mentions l\u00e9gales |","og_description":"Mentions l\u00e9gales Informations g\u00e9n\u00e9rales sur l&rsquo;ASBL Interface Compassion Internationale Vos r\u00e9f\u00e9rents: Dr E. C. Mukwege, Dr C. Mostosi Type: association Contact: via le formulaire du site Num\u00e9ro BCE: 0774.581.820 Collecte de donn\u00e9es Lors de votre visite sur le site internet www.interface-compassion-internationale.org, certaines donn\u00e9es sont collect\u00e9es. L&rsquo;association apporte un soin particulier \u00e0 la protection de ces &hellip; Continuer la lecture de &laquo;&nbsp;Mentions l\u00e9gales&nbsp;&raquo;","og_url":"https:\/\/interface-compassion-internationale.org\/index.php\/mentions-legales\/","og_site_name":"Interface Compassion Internationale ASBL","article_publisher":"https:\/\/www.facebook.com\/compassioninterIF\/","article_modified_time":"2021-09-26T06:46:31+00:00","twitter_card":"summary_large_image","twitter_misc":{"Dur\u00e9e de lecture estim\u00e9e":"3 minutes"},"schema":{"@context":"https:\/\/schema.org","@graph":[{"@type":"WebPage","@id":"https:\/\/interface-compassion-internationale.org\/index.php\/mentions-legales\/","url":"https:\/\/interface-compassion-internationale.org\/index.php\/mentions-legales\/","name":"Interface Compassion Internationale ASBL Mentions l\u00e9gales |","isPartOf":{"@id":"https:\/\/interface-compassion-internationale.org\/#website"},"datePublished":"2021-09-11T08:09:03+00:00","dateModified":"2021-09-26T06:46:31+00:00","breadcrumb":{"@id":"https:\/\/interface-compassion-internationale.org\/index.php\/mentions-legales\/#breadcrumb"},"inLanguage":"fr-FR","potentialAction":[{"@type":"ReadAction","target":["https:\/\/interface-compassion-internationale.org\/index.php\/mentions-legales\/"]}]},{"@type":"BreadcrumbList","@id":"https:\/\/interface-compassion-internationale.org\/index.php\/mentions-legales\/#breadcrumb","itemListElement":[{"@type":"ListItem","position":1,"name":"Accueil","item":"https:\/\/interface-compassion-internationale.org\/index.php\/language\/fr\/"},{"@type":"ListItem","position":2,"name":"Mentions l\u00e9gales"}]},{"@type":"WebSite","@id":"https:\/\/interface-compassion-internationale.org\/#website","url":"https:\/\/interface-compassion-internationale.org\/","name":"Interface Compassion Internationale ASBL","description":"Aider les femmes victimes de violences sexuelles en RDC ","publisher":{"@id":"https:\/\/interface-compassion-internationale.org\/#organization"},"potentialAction":[{"@type":"SearchAction","target":{"@type":"EntryPoint","urlTemplate":"https:\/\/interface-compassion-internationale.org\/?s={search_term_string}"},"query-input":{"@type":"PropertyValueSpecification","valueRequired":true,"valueName":"search_term_string"}}],"inLanguage":"fr-FR"},{"@type":"Organization","@id":"https:\/\/interface-compassion-internationale.org\/#organization","name":"Interface compassion internationale","url":"https:\/\/interface-compassion-internationale.org\/","logo":{"@type":"ImageObject","inLanguage":"fr-FR","@id":"https:\/\/interface-compassion-internationale.org\/#\/schema\/logo\/image\/","url":"https:\/\/interface-compassion-internationale.org\/wp-content\/uploads\/2021\/09\/logo_white.jpg","contentUrl":"https:\/\/interface-compassion-internationale.org\/wp-content\/uploads\/2021\/09\/logo_white.jpg","width":842,"height":892,"caption":"Interface compassion internationale"},"image":{"@id":"https:\/\/interface-compassion-internationale.org\/#\/schema\/logo\/image\/"},"sameAs":["https:\/\/www.facebook.com\/compassioninterIF\/","https:\/\/www.linkedin.com\/company\/interface-compassion-internationale-asbl\/","https:\/\/www.youtube.com\/channel\/UCzwbTCEmlfz9OXYK6XoHQew"]}]}},"jetpack_sharing_enabled":true,"_links":{"self":[{"href":"https:\/\/interface-compassion-internationale.org\/index.php\/wp-json\/wp\/v2\/pages\/299","targetHints":{"allow":["GET"]}}],"collection":[{"href":"https:\/\/interface-compassion-internationale.org\/index.php\/wp-json\/wp\/v2\/pages"}],"about":[{"href":"https:\/\/interface-compassion-internationale.org\/index.php\/wp-json\/wp\/v2\/types\/page"}],"author":[{"embeddable":true,"href":"https:\/\/interface-compassion-internationale.org\/index.php\/wp-json\/wp\/v2\/users\/2"}],"replies":[{"embeddable":true,"href":"https:\/\/interface-compassion-internationale.org\/index.php\/wp-json\/wp\/v2\/comments?post=299"}],"version-history":[{"count":9,"href":"https:\/\/interface-compassion-internationale.org\/index.php\/wp-json\/wp\/v2\/pages\/299\/revisions"}],"predecessor-version":[{"id":665,"href":"https:\/\/interface-compassion-internationale.org\/index.php\/wp-json\/wp\/v2\/pages\/299\/revisions\/665"}],"wp:attachment":[{"href":"https:\/\/interface-compassion-internationale.org\/index.php\/wp-json\/wp\/v2\/media?parent=299"}],"curies":[{"name":"wp","href":"https:\/\/api.w.org\/{rel}","templated":true}]}}