{"id":325,"date":"2021-09-12T08:17:27","date_gmt":"2021-09-12T06:17:27","guid":{"rendered":"https:\/\/interface-compassion-internationale.org\/?page_id=325"},"modified":"2021-10-01T12:23:59","modified_gmt":"2021-10-01T10:23:59","slug":"asbl","status":"publish","type":"page","link":"https:\/\/interface-compassion-internationale.org\/index.php\/asbl\/","title":{"rendered":"L&rsquo;ASBL"},"content":{"rendered":"\n<h2 class=\"wp-block-heading\">Notre ASBL<\/h2>\n\n\n\n<p>Sous l\u2019impulsion de Emmanuel Mukwege, notre Association Sans But Lucratif (ASBL) se constitue officiellement le 24 septembre 2021 (num\u00e9ro d&rsquo;entreprise 0774.581.820), conform\u00e9ment \u00e0 la loi belge du 27 juin 1921.<\/p>\n\n\n\n<p>L\u2019association est d\u00e9nomm\u00e9e \u00ab&nbsp;Interface Compassion Internationale \u00bb, en abr\u00e9g\u00e9 ICI.<\/p>\n\n\n\n<p>L\u2019interface est une fronti\u00e8re entre deux mondes, qui inter-r\u00e9agissent entre eux. Cela peut \u00eatre : le ciel et la terre, le ciel et l\u2019\u00e9glise, l\u2019\u00e9glise et le monde ou, d\u2019un point de vue humanitaire, le Nord et le Sud, les nantis et les n\u00e9cessiteux.<\/p>\n\n\n\n<p>Elle a pour vocation de pr\u00eater une assistance humanitaire locale et internationale&nbsp;:<\/p>\n\n\n\n<ul class=\"wp-block-list\"><li>Par la facilitation des acc\u00e8s aux soins de sant\u00e9 urgents et de proximit\u00e9 particuli\u00e8rement aux femmes et aux enfants afin de lutter contre les mortalit\u00e9s infantiles et maternelles&nbsp;;<\/li><li>Par la d\u00e9fense, la valorisation et la promotion de l\u2019\u00e9galit\u00e9 de la femme \u00e0 travers un appui \u00e0 des initiatives de d\u00e9veloppement&nbsp;local, notamment en ce qui concerne les productions agricoles, piscicoles, artistiques, etc. ;<\/li><li>Par la promotion des Mutualit\u00e9s de Solidarit\u00e9 (MUSO) \u00e0 travers la donation de microcr\u00e9dits aux femmes vuln\u00e9rables&nbsp;;<\/li><li>Par la promotion de l\u2019enseignement technique au b\u00e9n\u00e9fice d\u2019enfants n\u00e9s du viol&nbsp;;<\/li><\/ul>\n\n\n\n<p>Elle peut \u00e9galement pr\u00eater son concours \u00e0 toute personne ou association partenaire poursuivant toute activit\u00e9 similaire ou compl\u00e9mentaire \u00e0 son objet ou se mobiliser pour une aide urgente aux victimes de calamit\u00e9s naturelles.<\/p>\n","protected":false},"excerpt":{"rendered":"<p>Notre ASBL Sous l\u2019impulsion de Emmanuel Mukwege, notre Association Sans But Lucratif (ASBL) se constitue officiellement le 24 septembre 2021 (num\u00e9ro d&rsquo;entreprise 0774.581.820), conform\u00e9ment \u00e0 la loi belge du 27 juin 1921. L\u2019association est d\u00e9nomm\u00e9e \u00ab&nbsp;Interface Compassion Internationale \u00bb, en abr\u00e9g\u00e9 ICI. L\u2019interface est une fronti\u00e8re entre deux mondes, qui inter-r\u00e9agissent entre eux. Cela peut &hellip; <\/p>\n<p class=\"link-more\"><a href=\"https:\/\/interface-compassion-internationale.org\/index.php\/asbl\/\" class=\"more-link\">Continuer la lecture<span class=\"screen-reader-text\"> de &laquo;&nbsp;L&rsquo;ASBL&nbsp;&raquo;<\/span><\/a><\/p>\n","protected":false},"author":2,"featured_media":0,"parent":0,"menu_order":0,"comment_status":"closed","ping_status":"closed","template":"","meta":{"footnotes":""},"class_list":["post-325","page","type-page","status-publish","hentry"],"yoast_head":"<!-- This site is optimized with the Yoast SEO plugin v27.4 - https:\/\/yoast.com\/product\/yoast-seo-wordpress\/ -->\n<title>Interface Compassion Internationale ASBL L&#039;ASBL |<\/title>\n<meta name=\"robots\" content=\"index, follow, max-snippet:-1, max-image-preview:large, max-video-preview:-1\" \/>\n<link rel=\"canonical\" href=\"https:\/\/interface-compassion-internationale.org\/index.php\/asbl\/\" \/>\n<meta property=\"og:locale\" content=\"fr_FR\" \/>\n<meta property=\"og:type\" content=\"article\" \/>\n<meta property=\"og:title\" content=\"Interface Compassion Internationale ASBL L&#039;ASBL |\" \/>\n<meta property=\"og:description\" content=\"Notre ASBL Sous l\u2019impulsion de Emmanuel Mukwege, notre Association Sans But Lucratif (ASBL) se constitue officiellement le 24 septembre 2021 (num\u00e9ro d&rsquo;entreprise 0774.581.820), conform\u00e9ment \u00e0 la loi belge du 27 juin 1921. L\u2019association est d\u00e9nomm\u00e9e \u00ab&nbsp;Interface Compassion Internationale \u00bb, en abr\u00e9g\u00e9 ICI. L\u2019interface est une fronti\u00e8re entre deux mondes, qui inter-r\u00e9agissent entre eux. Cela peut &hellip; Continuer la lecture de &laquo;&nbsp;L&rsquo;ASBL&nbsp;&raquo;\" \/>\n<meta property=\"og:url\" content=\"https:\/\/interface-compassion-internationale.org\/index.php\/asbl\/\" \/>\n<meta property=\"og:site_name\" content=\"Interface Compassion Internationale ASBL\" \/>\n<meta property=\"article:publisher\" content=\"https:\/\/www.facebook.com\/compassioninterIF\/\" \/>\n<meta property=\"article:modified_time\" content=\"2021-10-01T10:23:59+00:00\" \/>\n<meta name=\"twitter:card\" content=\"summary_large_image\" \/>\n<meta name=\"twitter:label1\" content=\"Dur\u00e9e de lecture estim\u00e9e\" \/>\n\t<meta name=\"twitter:data1\" content=\"1 minute\" \/>\n<script type=\"application\/ld+json\" class=\"yoast-schema-graph\">{\"@context\":\"https:\\\/\\\/schema.org\",\"@graph\":[{\"@type\":\"WebPage\",\"@id\":\"https:\\\/\\\/interface-compassion-internationale.org\\\/index.php\\\/asbl\\\/\",\"url\":\"https:\\\/\\\/interface-compassion-internationale.org\\\/index.php\\\/asbl\\\/\",\"name\":\"Interface Compassion Internationale ASBL L'ASBL |\",\"isPartOf\":{\"@id\":\"https:\\\/\\\/interface-compassion-internationale.org\\\/#website\"},\"datePublished\":\"2021-09-12T06:17:27+00:00\",\"dateModified\":\"2021-10-01T10:23:59+00:00\",\"breadcrumb\":{\"@id\":\"https:\\\/\\\/interface-compassion-internationale.org\\\/index.php\\\/asbl\\\/#breadcrumb\"},\"inLanguage\":\"fr-FR\",\"potentialAction\":[{\"@type\":\"ReadAction\",\"target\":[\"https:\\\/\\\/interface-compassion-internationale.org\\\/index.php\\\/asbl\\\/\"]}]},{\"@type\":\"BreadcrumbList\",\"@id\":\"https:\\\/\\\/interface-compassion-internationale.org\\\/index.php\\\/asbl\\\/#breadcrumb\",\"itemListElement\":[{\"@type\":\"ListItem\",\"position\":1,\"name\":\"Accueil\",\"item\":\"https:\\\/\\\/interface-compassion-internationale.org\\\/index.php\\\/language\\\/fr\\\/\"},{\"@type\":\"ListItem\",\"position\":2,\"name\":\"L&rsquo;ASBL\"}]},{\"@type\":\"WebSite\",\"@id\":\"https:\\\/\\\/interface-compassion-internationale.org\\\/#website\",\"url\":\"https:\\\/\\\/interface-compassion-internationale.org\\\/\",\"name\":\"Interface Compassion Internationale ASBL\",\"description\":\"Aider les femmes victimes de violences sexuelles en RDC \",\"publisher\":{\"@id\":\"https:\\\/\\\/interface-compassion-internationale.org\\\/#organization\"},\"potentialAction\":[{\"@type\":\"SearchAction\",\"target\":{\"@type\":\"EntryPoint\",\"urlTemplate\":\"https:\\\/\\\/interface-compassion-internationale.org\\\/?s={search_term_string}\"},\"query-input\":{\"@type\":\"PropertyValueSpecification\",\"valueRequired\":true,\"valueName\":\"search_term_string\"}}],\"inLanguage\":\"fr-FR\"},{\"@type\":\"Organization\",\"@id\":\"https:\\\/\\\/interface-compassion-internationale.org\\\/#organization\",\"name\":\"Interface compassion internationale\",\"url\":\"https:\\\/\\\/interface-compassion-internationale.org\\\/\",\"logo\":{\"@type\":\"ImageObject\",\"inLanguage\":\"fr-FR\",\"@id\":\"https:\\\/\\\/interface-compassion-internationale.org\\\/#\\\/schema\\\/logo\\\/image\\\/\",\"url\":\"https:\\\/\\\/interface-compassion-internationale.org\\\/wp-content\\\/uploads\\\/2021\\\/09\\\/logo_white.jpg\",\"contentUrl\":\"https:\\\/\\\/interface-compassion-internationale.org\\\/wp-content\\\/uploads\\\/2021\\\/09\\\/logo_white.jpg\",\"width\":842,\"height\":892,\"caption\":\"Interface compassion internationale\"},\"image\":{\"@id\":\"https:\\\/\\\/interface-compassion-internationale.org\\\/#\\\/schema\\\/logo\\\/image\\\/\"},\"sameAs\":[\"https:\\\/\\\/www.facebook.com\\\/compassioninterIF\\\/\",\"https:\\\/\\\/www.linkedin.com\\\/company\\\/interface-compassion-internationale-asbl\\\/\",\"https:\\\/\\\/www.youtube.com\\\/channel\\\/UCzwbTCEmlfz9OXYK6XoHQew\"]}]}<\/script>\n<!-- \/ Yoast SEO plugin. -->","yoast_head_json":{"title":"Interface Compassion Internationale ASBL L'ASBL |","robots":{"index":"index","follow":"follow","max-snippet":"max-snippet:-1","max-image-preview":"max-image-preview:large","max-video-preview":"max-video-preview:-1"},"canonical":"https:\/\/interface-compassion-internationale.org\/index.php\/asbl\/","og_locale":"fr_FR","og_type":"article","og_title":"Interface Compassion Internationale ASBL L'ASBL |","og_description":"Notre ASBL Sous l\u2019impulsion de Emmanuel Mukwege, notre Association Sans But Lucratif (ASBL) se constitue officiellement le 24 septembre 2021 (num\u00e9ro d&rsquo;entreprise 0774.581.820), conform\u00e9ment \u00e0 la loi belge du 27 juin 1921. L\u2019association est d\u00e9nomm\u00e9e \u00ab&nbsp;Interface Compassion Internationale \u00bb, en abr\u00e9g\u00e9 ICI. L\u2019interface est une fronti\u00e8re entre deux mondes, qui inter-r\u00e9agissent entre eux. Cela peut &hellip; Continuer la lecture de &laquo;&nbsp;L&rsquo;ASBL&nbsp;&raquo;","og_url":"https:\/\/interface-compassion-internationale.org\/index.php\/asbl\/","og_site_name":"Interface Compassion Internationale ASBL","article_publisher":"https:\/\/www.facebook.com\/compassioninterIF\/","article_modified_time":"2021-10-01T10:23:59+00:00","twitter_card":"summary_large_image","twitter_misc":{"Dur\u00e9e de lecture estim\u00e9e":"1 minute"},"schema":{"@context":"https:\/\/schema.org","@graph":[{"@type":"WebPage","@id":"https:\/\/interface-compassion-internationale.org\/index.php\/asbl\/","url":"https:\/\/interface-compassion-internationale.org\/index.php\/asbl\/","name":"Interface Compassion Internationale ASBL L'ASBL |","isPartOf":{"@id":"https:\/\/interface-compassion-internationale.org\/#website"},"datePublished":"2021-09-12T06:17:27+00:00","dateModified":"2021-10-01T10:23:59+00:00","breadcrumb":{"@id":"https:\/\/interface-compassion-internationale.org\/index.php\/asbl\/#breadcrumb"},"inLanguage":"fr-FR","potentialAction":[{"@type":"ReadAction","target":["https:\/\/interface-compassion-internationale.org\/index.php\/asbl\/"]}]},{"@type":"BreadcrumbList","@id":"https:\/\/interface-compassion-internationale.org\/index.php\/asbl\/#breadcrumb","itemListElement":[{"@type":"ListItem","position":1,"name":"Accueil","item":"https:\/\/interface-compassion-internationale.org\/index.php\/language\/fr\/"},{"@type":"ListItem","position":2,"name":"L&rsquo;ASBL"}]},{"@type":"WebSite","@id":"https:\/\/interface-compassion-internationale.org\/#website","url":"https:\/\/interface-compassion-internationale.org\/","name":"Interface Compassion Internationale ASBL","description":"Aider les femmes victimes de violences sexuelles en RDC ","publisher":{"@id":"https:\/\/interface-compassion-internationale.org\/#organization"},"potentialAction":[{"@type":"SearchAction","target":{"@type":"EntryPoint","urlTemplate":"https:\/\/interface-compassion-internationale.org\/?s={search_term_string}"},"query-input":{"@type":"PropertyValueSpecification","valueRequired":true,"valueName":"search_term_string"}}],"inLanguage":"fr-FR"},{"@type":"Organization","@id":"https:\/\/interface-compassion-internationale.org\/#organization","name":"Interface compassion internationale","url":"https:\/\/interface-compassion-internationale.org\/","logo":{"@type":"ImageObject","inLanguage":"fr-FR","@id":"https:\/\/interface-compassion-internationale.org\/#\/schema\/logo\/image\/","url":"https:\/\/interface-compassion-internationale.org\/wp-content\/uploads\/2021\/09\/logo_white.jpg","contentUrl":"https:\/\/interface-compassion-internationale.org\/wp-content\/uploads\/2021\/09\/logo_white.jpg","width":842,"height":892,"caption":"Interface compassion internationale"},"image":{"@id":"https:\/\/interface-compassion-internationale.org\/#\/schema\/logo\/image\/"},"sameAs":["https:\/\/www.facebook.com\/compassioninterIF\/","https:\/\/www.linkedin.com\/company\/interface-compassion-internationale-asbl\/","https:\/\/www.youtube.com\/channel\/UCzwbTCEmlfz9OXYK6XoHQew"]}]}},"jetpack_sharing_enabled":true,"_links":{"self":[{"href":"https:\/\/interface-compassion-internationale.org\/index.php\/wp-json\/wp\/v2\/pages\/325","targetHints":{"allow":["GET"]}}],"collection":[{"href":"https:\/\/interface-compassion-internationale.org\/index.php\/wp-json\/wp\/v2\/pages"}],"about":[{"href":"https:\/\/interface-compassion-internationale.org\/index.php\/wp-json\/wp\/v2\/types\/page"}],"author":[{"embeddable":true,"href":"https:\/\/interface-compassion-internationale.org\/index.php\/wp-json\/wp\/v2\/users\/2"}],"replies":[{"embeddable":true,"href":"https:\/\/interface-compassion-internationale.org\/index.php\/wp-json\/wp\/v2\/comments?post=325"}],"version-history":[{"count":4,"href":"https:\/\/interface-compassion-internationale.org\/index.php\/wp-json\/wp\/v2\/pages\/325\/revisions"}],"predecessor-version":[{"id":727,"href":"https:\/\/interface-compassion-internationale.org\/index.php\/wp-json\/wp\/v2\/pages\/325\/revisions\/727"}],"wp:attachment":[{"href":"https:\/\/interface-compassion-internationale.org\/index.php\/wp-json\/wp\/v2\/media?parent=325"}],"curies":[{"name":"wp","href":"https:\/\/api.w.org\/{rel}","templated":true}]}}