{"id":52,"date":"2021-09-06T15:48:01","date_gmt":"2021-09-06T13:48:01","guid":{"rendered":"https:\/\/interface-compassion-internationale.org\/?page_id=52"},"modified":"2021-10-01T12:18:29","modified_gmt":"2021-10-01T10:18:29","slug":"objectifs","status":"publish","type":"page","link":"https:\/\/interface-compassion-internationale.org\/index.php\/objectifs\/","title":{"rendered":"Objectifs"},"content":{"rendered":"\n<h2 class=\"wp-block-heading\">Nos objectifs<\/h2>\n\n\n\n<p>Actuellement, les femmes qui ont b\u00e9n\u00e9fici\u00e9 de ce modeste apport financier se sont constitu\u00e9es en Mutuelles de Solidarit\u00e9 (MUSO). Elles se retrouvent une fois par semaine pour s\u2019encourager mutuellement. \u00c0 l\u2019issue de la r\u00e9union, elles donnent chacune une humble contribution \u00e0 la caisse de solidarit\u00e9 de leur mutuelle. <\/p>\n\n\n\n<p>Cette initiative permet de soutenir l\u2019une ou l\u2019autre membre frapp\u00e9e par un deuil ou une maladie qui n\u00e9cessite une prise en charge hospitali\u00e8re.<\/p>\n\n\n\n<p>L\u2019objectif poursuivi par notre association consiste \u00e0 f\u00e9d\u00e9rer ces diff\u00e9rentes mutuelles autour de projets communautaires susceptibles d\u2019am\u00e9liorer les conditions de vie de ces femmes et celles de leurs communaut\u00e9s respectives.<\/p>\n\n\n\n<p>La liste de projets n\u2019est pas exhaustive. La priorit\u00e9 sera donn\u00e9e aux moins co\u00fbteux et aux plus simples, accessibles, r\u00e9alisables et susceptibles de f\u00e9d\u00e9rer toutes les actrices. Entre autres projets, nous pouvons citer :<\/p>\n\n\n\n<ul class=\"wp-block-list\"><li>Des dispensaires de soins urgents dot\u00e9s de quelques lits de maternit\u00e9 en milieux pauvres, urbains et ruraux ;<\/li><li>Une structure d\u2019accueil pour les enfants n\u00e9s d\u2019un viol, les orphelins et les enfants abandonn\u00e9s ;<\/li><li>Un centre de formation aux m\u00e9tiers manuels : plomberie, carrelage, \u00e9lectricit\u00e9 domestique, etc.<\/li><\/ul>\n\n\n\n<p>D\u00e9couvrez <a href=\"https:\/\/interface-compassion-internationale.org\/index.php\/language\/fr\/financement\/\" data-type=\"page\" data-id=\"83\">nos financements<\/a>&#8230; <\/p>\n\n\n\n<h3 class=\"wp-block-heading\">Sur site<\/h3>\n\n\n\n<p>Le terrain que notre ASBL a achet\u00e9 et sur lequel sera construit le dispensaire :<\/p>\n\n\n\n<div class=\"wp-block-cover has-background-dim\"><img loading=\"lazy\" decoding=\"async\" width=\"1024\" height=\"768\" class=\"wp-block-cover__image-background wp-image-211\" alt=\"\" src=\"https:\/\/interface-compassion-internationale.org\/wp-content\/uploads\/2021\/09\/terrain-pour-le-dispensaire.jpeg\" data-object-fit=\"cover\" srcset=\"https:\/\/interface-compassion-internationale.org\/wp-content\/uploads\/2021\/09\/terrain-pour-le-dispensaire.jpeg 1024w, https:\/\/interface-compassion-internationale.org\/wp-content\/uploads\/2021\/09\/terrain-pour-le-dispensaire-350x263.jpeg 350w, https:\/\/interface-compassion-internationale.org\/wp-content\/uploads\/2021\/09\/terrain-pour-le-dispensaire-300x225.jpeg 300w, https:\/\/interface-compassion-internationale.org\/wp-content\/uploads\/2021\/09\/terrain-pour-le-dispensaire-768x576.jpeg 768w\" sizes=\"auto, (max-width: 767px) 89vw, (max-width: 1000px) 54vw, (max-width: 1071px) 543px, 580px\" \/><div class=\"wp-block-cover__inner-container is-layout-flow wp-block-cover-is-layout-flow\">\n<p class=\"has-large-font-size\">Notre espoir: bient\u00f4t un dispensaire<\/p>\n<\/div><\/div>\n","protected":false},"excerpt":{"rendered":"<p>Nos objectifs Actuellement, les femmes qui ont b\u00e9n\u00e9fici\u00e9 de ce modeste apport financier se sont constitu\u00e9es en Mutuelles de Solidarit\u00e9 (MUSO). Elles se retrouvent une fois par semaine pour s\u2019encourager mutuellement. \u00c0 l\u2019issue de la r\u00e9union, elles donnent chacune une humble contribution \u00e0 la caisse de solidarit\u00e9 de leur mutuelle. Cette initiative permet de soutenir &hellip; <\/p>\n<p class=\"link-more\"><a href=\"https:\/\/interface-compassion-internationale.org\/index.php\/objectifs\/\" class=\"more-link\">Continuer la lecture<span class=\"screen-reader-text\"> de &laquo;&nbsp;Objectifs&nbsp;&raquo;<\/span><\/a><\/p>\n","protected":false},"author":2,"featured_media":0,"parent":0,"menu_order":0,"comment_status":"closed","ping_status":"closed","template":"","meta":{"footnotes":""},"class_list":["post-52","page","type-page","status-publish","hentry"],"yoast_head":"<!-- This site is optimized with the Yoast SEO plugin v27.4 - https:\/\/yoast.com\/product\/yoast-seo-wordpress\/ -->\n<title>Interface Compassion Internationale ASBL Objectifs |<\/title>\n<meta name=\"robots\" content=\"index, follow, max-snippet:-1, max-image-preview:large, max-video-preview:-1\" \/>\n<link rel=\"canonical\" href=\"https:\/\/interface-compassion-internationale.org\/index.php\/objectifs\/\" \/>\n<meta property=\"og:locale\" content=\"fr_FR\" \/>\n<meta property=\"og:type\" content=\"article\" \/>\n<meta property=\"og:title\" content=\"Interface Compassion Internationale ASBL Objectifs |\" \/>\n<meta property=\"og:description\" content=\"Nos objectifs Actuellement, les femmes qui ont b\u00e9n\u00e9fici\u00e9 de ce modeste apport financier se sont constitu\u00e9es en Mutuelles de Solidarit\u00e9 (MUSO). Elles se retrouvent une fois par semaine pour s\u2019encourager mutuellement. \u00c0 l\u2019issue de la r\u00e9union, elles donnent chacune une humble contribution \u00e0 la caisse de solidarit\u00e9 de leur mutuelle. Cette initiative permet de soutenir &hellip; Continuer la lecture de &laquo;&nbsp;Objectifs&nbsp;&raquo;\" \/>\n<meta property=\"og:url\" content=\"https:\/\/interface-compassion-internationale.org\/index.php\/objectifs\/\" \/>\n<meta property=\"og:site_name\" content=\"Interface Compassion Internationale ASBL\" \/>\n<meta property=\"article:publisher\" content=\"https:\/\/www.facebook.com\/compassioninterIF\/\" \/>\n<meta property=\"article:modified_time\" content=\"2021-10-01T10:18:29+00:00\" \/>\n<meta property=\"og:image\" content=\"https:\/\/interface-compassion-internationale.org\/wp-content\/uploads\/2021\/09\/terrain-pour-le-dispensaire.jpeg\" \/>\n<meta name=\"twitter:card\" content=\"summary_large_image\" \/>\n<meta name=\"twitter:label1\" content=\"Dur\u00e9e de lecture estim\u00e9e\" \/>\n\t<meta name=\"twitter:data1\" content=\"1 minute\" \/>\n<script type=\"application\/ld+json\" class=\"yoast-schema-graph\">{\"@context\":\"https:\\\/\\\/schema.org\",\"@graph\":[{\"@type\":\"WebPage\",\"@id\":\"https:\\\/\\\/interface-compassion-internationale.org\\\/index.php\\\/objectifs\\\/\",\"url\":\"https:\\\/\\\/interface-compassion-internationale.org\\\/index.php\\\/objectifs\\\/\",\"name\":\"Interface Compassion Internationale ASBL Objectifs |\",\"isPartOf\":{\"@id\":\"https:\\\/\\\/interface-compassion-internationale.org\\\/#website\"},\"primaryImageOfPage\":{\"@id\":\"https:\\\/\\\/interface-compassion-internationale.org\\\/index.php\\\/objectifs\\\/#primaryimage\"},\"image\":{\"@id\":\"https:\\\/\\\/interface-compassion-internationale.org\\\/index.php\\\/objectifs\\\/#primaryimage\"},\"thumbnailUrl\":\"https:\\\/\\\/interface-compassion-internationale.org\\\/wp-content\\\/uploads\\\/2021\\\/09\\\/terrain-pour-le-dispensaire.jpeg\",\"datePublished\":\"2021-09-06T13:48:01+00:00\",\"dateModified\":\"2021-10-01T10:18:29+00:00\",\"breadcrumb\":{\"@id\":\"https:\\\/\\\/interface-compassion-internationale.org\\\/index.php\\\/objectifs\\\/#breadcrumb\"},\"inLanguage\":\"fr-FR\",\"potentialAction\":[{\"@type\":\"ReadAction\",\"target\":[\"https:\\\/\\\/interface-compassion-internationale.org\\\/index.php\\\/objectifs\\\/\"]}]},{\"@type\":\"ImageObject\",\"inLanguage\":\"fr-FR\",\"@id\":\"https:\\\/\\\/interface-compassion-internationale.org\\\/index.php\\\/objectifs\\\/#primaryimage\",\"url\":\"https:\\\/\\\/interface-compassion-internationale.org\\\/wp-content\\\/uploads\\\/2021\\\/09\\\/terrain-pour-le-dispensaire.jpeg\",\"contentUrl\":\"https:\\\/\\\/interface-compassion-internationale.org\\\/wp-content\\\/uploads\\\/2021\\\/09\\\/terrain-pour-le-dispensaire.jpeg\",\"width\":1024,\"height\":768},{\"@type\":\"BreadcrumbList\",\"@id\":\"https:\\\/\\\/interface-compassion-internationale.org\\\/index.php\\\/objectifs\\\/#breadcrumb\",\"itemListElement\":[{\"@type\":\"ListItem\",\"position\":1,\"name\":\"Accueil\",\"item\":\"https:\\\/\\\/interface-compassion-internationale.org\\\/index.php\\\/language\\\/fr\\\/\"},{\"@type\":\"ListItem\",\"position\":2,\"name\":\"Objectifs\"}]},{\"@type\":\"WebSite\",\"@id\":\"https:\\\/\\\/interface-compassion-internationale.org\\\/#website\",\"url\":\"https:\\\/\\\/interface-compassion-internationale.org\\\/\",\"name\":\"Interface Compassion Internationale ASBL\",\"description\":\"Aider les femmes victimes de violences sexuelles en RDC \",\"publisher\":{\"@id\":\"https:\\\/\\\/interface-compassion-internationale.org\\\/#organization\"},\"potentialAction\":[{\"@type\":\"SearchAction\",\"target\":{\"@type\":\"EntryPoint\",\"urlTemplate\":\"https:\\\/\\\/interface-compassion-internationale.org\\\/?s={search_term_string}\"},\"query-input\":{\"@type\":\"PropertyValueSpecification\",\"valueRequired\":true,\"valueName\":\"search_term_string\"}}],\"inLanguage\":\"fr-FR\"},{\"@type\":\"Organization\",\"@id\":\"https:\\\/\\\/interface-compassion-internationale.org\\\/#organization\",\"name\":\"Interface compassion internationale\",\"url\":\"https:\\\/\\\/interface-compassion-internationale.org\\\/\",\"logo\":{\"@type\":\"ImageObject\",\"inLanguage\":\"fr-FR\",\"@id\":\"https:\\\/\\\/interface-compassion-internationale.org\\\/#\\\/schema\\\/logo\\\/image\\\/\",\"url\":\"https:\\\/\\\/interface-compassion-internationale.org\\\/wp-content\\\/uploads\\\/2021\\\/09\\\/logo_white.jpg\",\"contentUrl\":\"https:\\\/\\\/interface-compassion-internationale.org\\\/wp-content\\\/uploads\\\/2021\\\/09\\\/logo_white.jpg\",\"width\":842,\"height\":892,\"caption\":\"Interface compassion internationale\"},\"image\":{\"@id\":\"https:\\\/\\\/interface-compassion-internationale.org\\\/#\\\/schema\\\/logo\\\/image\\\/\"},\"sameAs\":[\"https:\\\/\\\/www.facebook.com\\\/compassioninterIF\\\/\",\"https:\\\/\\\/www.linkedin.com\\\/company\\\/interface-compassion-internationale-asbl\\\/\",\"https:\\\/\\\/www.youtube.com\\\/channel\\\/UCzwbTCEmlfz9OXYK6XoHQew\"]}]}<\/script>\n<!-- \/ Yoast SEO plugin. -->","yoast_head_json":{"title":"Interface Compassion Internationale ASBL Objectifs |","robots":{"index":"index","follow":"follow","max-snippet":"max-snippet:-1","max-image-preview":"max-image-preview:large","max-video-preview":"max-video-preview:-1"},"canonical":"https:\/\/interface-compassion-internationale.org\/index.php\/objectifs\/","og_locale":"fr_FR","og_type":"article","og_title":"Interface Compassion Internationale ASBL Objectifs |","og_description":"Nos objectifs Actuellement, les femmes qui ont b\u00e9n\u00e9fici\u00e9 de ce modeste apport financier se sont constitu\u00e9es en Mutuelles de Solidarit\u00e9 (MUSO). Elles se retrouvent une fois par semaine pour s\u2019encourager mutuellement. \u00c0 l\u2019issue de la r\u00e9union, elles donnent chacune une humble contribution \u00e0 la caisse de solidarit\u00e9 de leur mutuelle. Cette initiative permet de soutenir &hellip; Continuer la lecture de &laquo;&nbsp;Objectifs&nbsp;&raquo;","og_url":"https:\/\/interface-compassion-internationale.org\/index.php\/objectifs\/","og_site_name":"Interface Compassion Internationale ASBL","article_publisher":"https:\/\/www.facebook.com\/compassioninterIF\/","article_modified_time":"2021-10-01T10:18:29+00:00","og_image":[{"url":"https:\/\/interface-compassion-internationale.org\/wp-content\/uploads\/2021\/09\/terrain-pour-le-dispensaire.jpeg","type":"","width":"","height":""}],"twitter_card":"summary_large_image","twitter_misc":{"Dur\u00e9e de lecture estim\u00e9e":"1 minute"},"schema":{"@context":"https:\/\/schema.org","@graph":[{"@type":"WebPage","@id":"https:\/\/interface-compassion-internationale.org\/index.php\/objectifs\/","url":"https:\/\/interface-compassion-internationale.org\/index.php\/objectifs\/","name":"Interface Compassion Internationale ASBL Objectifs |","isPartOf":{"@id":"https:\/\/interface-compassion-internationale.org\/#website"},"primaryImageOfPage":{"@id":"https:\/\/interface-compassion-internationale.org\/index.php\/objectifs\/#primaryimage"},"image":{"@id":"https:\/\/interface-compassion-internationale.org\/index.php\/objectifs\/#primaryimage"},"thumbnailUrl":"https:\/\/interface-compassion-internationale.org\/wp-content\/uploads\/2021\/09\/terrain-pour-le-dispensaire.jpeg","datePublished":"2021-09-06T13:48:01+00:00","dateModified":"2021-10-01T10:18:29+00:00","breadcrumb":{"@id":"https:\/\/interface-compassion-internationale.org\/index.php\/objectifs\/#breadcrumb"},"inLanguage":"fr-FR","potentialAction":[{"@type":"ReadAction","target":["https:\/\/interface-compassion-internationale.org\/index.php\/objectifs\/"]}]},{"@type":"ImageObject","inLanguage":"fr-FR","@id":"https:\/\/interface-compassion-internationale.org\/index.php\/objectifs\/#primaryimage","url":"https:\/\/interface-compassion-internationale.org\/wp-content\/uploads\/2021\/09\/terrain-pour-le-dispensaire.jpeg","contentUrl":"https:\/\/interface-compassion-internationale.org\/wp-content\/uploads\/2021\/09\/terrain-pour-le-dispensaire.jpeg","width":1024,"height":768},{"@type":"BreadcrumbList","@id":"https:\/\/interface-compassion-internationale.org\/index.php\/objectifs\/#breadcrumb","itemListElement":[{"@type":"ListItem","position":1,"name":"Accueil","item":"https:\/\/interface-compassion-internationale.org\/index.php\/language\/fr\/"},{"@type":"ListItem","position":2,"name":"Objectifs"}]},{"@type":"WebSite","@id":"https:\/\/interface-compassion-internationale.org\/#website","url":"https:\/\/interface-compassion-internationale.org\/","name":"Interface Compassion Internationale ASBL","description":"Aider les femmes victimes de violences sexuelles en RDC ","publisher":{"@id":"https:\/\/interface-compassion-internationale.org\/#organization"},"potentialAction":[{"@type":"SearchAction","target":{"@type":"EntryPoint","urlTemplate":"https:\/\/interface-compassion-internationale.org\/?s={search_term_string}"},"query-input":{"@type":"PropertyValueSpecification","valueRequired":true,"valueName":"search_term_string"}}],"inLanguage":"fr-FR"},{"@type":"Organization","@id":"https:\/\/interface-compassion-internationale.org\/#organization","name":"Interface compassion internationale","url":"https:\/\/interface-compassion-internationale.org\/","logo":{"@type":"ImageObject","inLanguage":"fr-FR","@id":"https:\/\/interface-compassion-internationale.org\/#\/schema\/logo\/image\/","url":"https:\/\/interface-compassion-internationale.org\/wp-content\/uploads\/2021\/09\/logo_white.jpg","contentUrl":"https:\/\/interface-compassion-internationale.org\/wp-content\/uploads\/2021\/09\/logo_white.jpg","width":842,"height":892,"caption":"Interface compassion internationale"},"image":{"@id":"https:\/\/interface-compassion-internationale.org\/#\/schema\/logo\/image\/"},"sameAs":["https:\/\/www.facebook.com\/compassioninterIF\/","https:\/\/www.linkedin.com\/company\/interface-compassion-internationale-asbl\/","https:\/\/www.youtube.com\/channel\/UCzwbTCEmlfz9OXYK6XoHQew"]}]}},"jetpack_sharing_enabled":true,"_links":{"self":[{"href":"https:\/\/interface-compassion-internationale.org\/index.php\/wp-json\/wp\/v2\/pages\/52","targetHints":{"allow":["GET"]}}],"collection":[{"href":"https:\/\/interface-compassion-internationale.org\/index.php\/wp-json\/wp\/v2\/pages"}],"about":[{"href":"https:\/\/interface-compassion-internationale.org\/index.php\/wp-json\/wp\/v2\/types\/page"}],"author":[{"embeddable":true,"href":"https:\/\/interface-compassion-internationale.org\/index.php\/wp-json\/wp\/v2\/users\/2"}],"replies":[{"embeddable":true,"href":"https:\/\/interface-compassion-internationale.org\/index.php\/wp-json\/wp\/v2\/comments?post=52"}],"version-history":[{"count":6,"href":"https:\/\/interface-compassion-internationale.org\/index.php\/wp-json\/wp\/v2\/pages\/52\/revisions"}],"predecessor-version":[{"id":720,"href":"https:\/\/interface-compassion-internationale.org\/index.php\/wp-json\/wp\/v2\/pages\/52\/revisions\/720"}],"wp:attachment":[{"href":"https:\/\/interface-compassion-internationale.org\/index.php\/wp-json\/wp\/v2\/media?parent=52"}],"curies":[{"name":"wp","href":"https:\/\/api.w.org\/{rel}","templated":true}]}}