{"id":800,"date":"2022-02-15T11:20:50","date_gmt":"2022-02-15T10:20:50","guid":{"rendered":"https:\/\/interface-compassion-internationale.org\/?page_id=800"},"modified":"2022-08-16T16:25:05","modified_gmt":"2022-08-16T14:25:05","slug":"actions-2022","status":"publish","type":"page","link":"https:\/\/interface-compassion-internationale.org\/index.php\/actions-2022\/","title":{"rendered":"Actions 2022"},"content":{"rendered":"\n<p>D\u00e9couvrez les diff\u00e9rentes actions de l&rsquo;association Interface compassion internationale sur l&rsquo;ann\u00e9e 2022<\/p>\n\n\n\n<h2 class=\"wp-block-heading\">Repas caritatif (3 septembre \u00e0 19h)<\/h2>\n\n\n\n<p>Un menu complet, compos\u00e9 d&rsquo;un demi poulet, frites et salades est propos\u00e9 au prix de 20 euros par adulte. Ce montant inclus \u00e9galement l&rsquo;ap\u00e9ro et le dessert.<\/p>\n\n\n\n<p>Pour les enfants, un montant de 10 euros est pr\u00e9vu jusqu&rsquo;\u00e0 12 ans inclus.<\/p>\n\n\n\n<p>Une tombola sera propos\u00e9e au prix de 2 euros\/ticket. Tous les tickets sont gagnants.<\/p>\n\n\n\n<p>Ce repas aura lieu \u00e0 la maison de village de Wasmes-Audemetz-Briffoeuil (rue de la gare 4B \u00e0 7604 Wasmes-A-B) \u00e0 partir de 19h.<\/p>\n\n\n\n<figure class=\"wp-block-image size-large\"><img loading=\"lazy\" decoding=\"async\" width=\"730\" height=\"1024\" src=\"https:\/\/interface-compassion-internationale.org\/wp-content\/uploads\/2022\/08\/Poster-public-dinner-2-730x1024.jpg\" alt=\"\" class=\"wp-image-955\" srcset=\"https:\/\/interface-compassion-internationale.org\/wp-content\/uploads\/2022\/08\/Poster-public-dinner-2-730x1024.jpg 730w, https:\/\/interface-compassion-internationale.org\/wp-content\/uploads\/2022\/08\/Poster-public-dinner-2-214x300.jpg 214w, https:\/\/interface-compassion-internationale.org\/wp-content\/uploads\/2022\/08\/Poster-public-dinner-2-768x1077.jpg 768w, https:\/\/interface-compassion-internationale.org\/wp-content\/uploads\/2022\/08\/Poster-public-dinner-2-1320x1852.jpg 1320w, https:\/\/interface-compassion-internationale.org\/wp-content\/uploads\/2022\/08\/Poster-public-dinner-2-350x491.jpg 350w, https:\/\/interface-compassion-internationale.org\/wp-content\/uploads\/2022\/08\/Poster-public-dinner-2-scaled.jpg 1825w\" sizes=\"auto, (max-width: 730px) 100vw, 730px\" \/><\/figure>\n\n\n\n<h2 class=\"wp-block-heading\">Concert de guitare classique (ao\u00fbt 2022)<\/h2>\n\n\n\n<p>Au mois d&rsquo;ao\u00fbt, nous aurons l&rsquo;honneur et le plaisir de recevoir le Maestro Silvio Legni, professeur de musique et notamment de guitare classique, originaire de la ville de Forl\u00ec, en Italie. Il se produira lors de deux concerts (environ 1 heure) \u00e0 P\u00e9ruwelz (le 6 ao\u00fbt \u00e0 19h) et \u00e0 Bruxelles (Woluw\u00e9-Saint-Lambert, le 13 ao\u00fbt \u00e0 19h). Plus d&rsquo;informations suivront tr\u00e8s bient\u00f4t.<\/p>\n\n\n\n<h2 class=\"wp-block-heading\" id=\"action-marque-pages\">Action \u00ab\u00a0Marque-pages\u00a0\u00bb<\/h2>\n\n\n\n<p>Cette op\u00e9ration \u00ab\u00a0marque-pages\u00a0\u00bb, que nous lan\u00e7ons au mois de mars 2022, a pour objectif de nous permettre de r\u00e9colter davantage de dons. <\/p>\n\n\n\n<p>Il s&rsquo;agit de marque-pages en tissu, fabriqu\u00e9s \u00e0 partir de pagnes africains. Ces pagnes ont \u00e9t\u00e9 ramen\u00e9s de Bukavu lors du voyage d&rsquo;Emmanuel Mukwege en d\u00e9cembre 2021.<\/p>\n\n\n\n<p>Le pagne est ce tissu color\u00e9 typique que portent les femmes en Afrique, appel\u00e9 aussi wax.&nbsp;Nous souhaitons amener un peu de couleurs dans votre maison et proposer \u00e0 chacun d&rsquo;avoir son morceau d&rsquo;Afrique chez soi.&nbsp;Il s&rsquo;agit de bandes de 2,5 cm sur&nbsp; 25 cm, d\u00e9coup\u00e9es par les dames de notre asbl directement dans le pagne. Ce marque-page est avant tout un symbole.&nbsp;Un symbole des couleurs de l&rsquo;Afrique et des femmes victimes de violences sexuelles au Congo.<\/p>\n\n\n\n<p>Le prix de vente est fix\u00e9 \u00e0 5 euros (5,50 euros si livr\u00e9 en Belgique et 6 euros en International).&nbsp;Ce n&rsquo;est pas trop cher car le but est d&rsquo;aider les plus pauvres et de s&rsquo;investir dans une action humanitaire.&nbsp;En outre, on propose \u00e0 tous les acheteurs la possibilit\u00e9 de devenir membre adh\u00e9rent sur simple demande (communiquer alors une adresse mail pour recevoir l&rsquo;attestation). La cotisation annuelle est donc comprise dans le prix d&rsquo;achat.<\/p>\n\n\n\n<p>Pour en commander, nous \u00e9crire \u00e0 l&rsquo;adresse informations@interface-compassion-internationale.org ou nous contacter via les r\u00e9seaux sociaux (Facebook ou Linkedin).<\/p>\n\n\n\n<figure class=\"wp-block-image size-large is-resized\"><img loading=\"lazy\" decoding=\"async\" src=\"https:\/\/interface-compassion-internationale.org\/wp-content\/uploads\/2022\/02\/MP_240122-768x1024.jpg\" alt=\"Les marques pages de l'association\" class=\"wp-image-803\" width=\"415\" height=\"552\" srcset=\"https:\/\/interface-compassion-internationale.org\/wp-content\/uploads\/2022\/02\/MP_240122-768x1024.jpg 768w, https:\/\/interface-compassion-internationale.org\/wp-content\/uploads\/2022\/02\/MP_240122-scaled-350x467.jpg 350w, https:\/\/interface-compassion-internationale.org\/wp-content\/uploads\/2022\/02\/MP_240122-225x300.jpg 225w, https:\/\/interface-compassion-internationale.org\/wp-content\/uploads\/2022\/02\/MP_240122-scaled.jpg 1920w\" sizes=\"auto, (max-width: 415px) 100vw, 415px\" \/><figcaption>Chaque marque-page est une cr\u00e9ation unique.<\/figcaption><\/figure>\n\n\n\n<figure class=\"wp-block-image size-large is-resized\"><img loading=\"lazy\" decoding=\"async\" src=\"https:\/\/interface-compassion-internationale.org\/wp-content\/uploads\/2022\/02\/Picture1-937x1024.jpg\" alt=\"Aper\u00e7u des motifs des marques-pages\" class=\"wp-image-807\" width=\"416\" height=\"454\" srcset=\"https:\/\/interface-compassion-internationale.org\/wp-content\/uploads\/2022\/02\/Picture1-937x1024.jpg 937w, https:\/\/interface-compassion-internationale.org\/wp-content\/uploads\/2022\/02\/Picture1-350x382.jpg 350w, https:\/\/interface-compassion-internationale.org\/wp-content\/uploads\/2022\/02\/Picture1-275x300.jpg 275w, https:\/\/interface-compassion-internationale.org\/wp-content\/uploads\/2022\/02\/Picture1-768x839.jpg 768w, https:\/\/interface-compassion-internationale.org\/wp-content\/uploads\/2022\/02\/Picture1.jpg 1736w\" sizes=\"auto, (max-width: 416px) 100vw, 416px\" \/><figcaption>Motifs d&rsquo;un des pagnes<\/figcaption><\/figure>\n","protected":false},"excerpt":{"rendered":"<p>D\u00e9couvrez les diff\u00e9rentes actions de l&rsquo;association Interface compassion internationale sur l&rsquo;ann\u00e9e 2022 Repas caritatif (3 septembre \u00e0 19h) Un menu complet, compos\u00e9 d&rsquo;un demi poulet, frites et salades est propos\u00e9 au prix de 20 euros par adulte. Ce montant inclus \u00e9galement l&rsquo;ap\u00e9ro et le dessert. Pour les enfants, un montant de 10 euros est pr\u00e9vu &hellip; <\/p>\n<p class=\"link-more\"><a href=\"https:\/\/interface-compassion-internationale.org\/index.php\/actions-2022\/\" class=\"more-link\">Continuer la lecture<span class=\"screen-reader-text\"> de &laquo;&nbsp;Actions 2022&nbsp;&raquo;<\/span><\/a><\/p>\n","protected":false},"author":2,"featured_media":0,"parent":0,"menu_order":0,"comment_status":"closed","ping_status":"closed","template":"","meta":{"footnotes":""},"class_list":["post-800","page","type-page","status-publish","hentry"],"yoast_head":"<!-- This site is optimized with the Yoast SEO plugin v27.3 - https:\/\/yoast.com\/product\/yoast-seo-wordpress\/ -->\n<title>Interface Compassion Internationale ASBL | Actions 2022<\/title>\n<meta name=\"description\" content=\"Actions 2022 | D\u00e9couvrez les actions 2022 de l&#039;association Interface compassion internationale. | Interface Compassion Internationale ASBL\" \/>\n<meta name=\"robots\" content=\"index, follow, max-snippet:-1, max-image-preview:large, max-video-preview:-1\" \/>\n<link rel=\"canonical\" href=\"https:\/\/interface-compassion-internationale.org\/index.php\/actions-2022\/\" \/>\n<meta property=\"og:locale\" content=\"fr_FR\" \/>\n<meta property=\"og:type\" content=\"article\" \/>\n<meta property=\"og:title\" content=\"Interface compassion internationale: les actions 2022 de l&#039;association\" \/>\n<meta property=\"og:description\" content=\"D\u00e9couvrez sur cette page les diff\u00e9rentes actions de l&#039;association Interface compassion internationale\" \/>\n<meta property=\"og:url\" content=\"https:\/\/interface-compassion-internationale.org\/index.php\/actions-2022\/\" \/>\n<meta property=\"og:site_name\" content=\"Interface Compassion Internationale ASBL\" \/>\n<meta property=\"article:publisher\" content=\"https:\/\/www.facebook.com\/compassioninterIF\/\" \/>\n<meta property=\"article:modified_time\" content=\"2022-08-16T14:25:05+00:00\" \/>\n<meta property=\"og:image\" content=\"https:\/\/interface-compassion-internationale.org\/wp-content\/uploads\/2021\/09\/cropped-girl-1912901_1920.jpg\" \/>\n\t<meta property=\"og:image:width\" content=\"2000\" \/>\n\t<meta property=\"og:image:height\" content=\"1200\" \/>\n\t<meta property=\"og:image:type\" content=\"image\/jpeg\" \/>\n<meta name=\"twitter:card\" content=\"summary_large_image\" \/>\n<meta name=\"twitter:title\" content=\"Interface compassion internationale: les actions 2022 de l&#039;association\" \/>\n<meta name=\"twitter:description\" content=\"D\u00e9couvrez sur cette page les diff\u00e9rentes actions de l&#039;association Interface compassion internationale\" \/>\n<meta name=\"twitter:image\" content=\"https:\/\/interface-compassion-internationale.org\/wp-content\/uploads\/2021\/09\/cropped-girl-1912901_1920.jpg\" \/>\n<meta name=\"twitter:label1\" content=\"Dur\u00e9e de lecture estim\u00e9e\" \/>\n\t<meta name=\"twitter:data1\" content=\"3 minutes\" \/>\n<script type=\"application\/ld+json\" class=\"yoast-schema-graph\">{\"@context\":\"https:\\\/\\\/schema.org\",\"@graph\":[{\"@type\":\"WebPage\",\"@id\":\"https:\\\/\\\/interface-compassion-internationale.org\\\/index.php\\\/actions-2022\\\/\",\"url\":\"https:\\\/\\\/interface-compassion-internationale.org\\\/index.php\\\/actions-2022\\\/\",\"name\":\"Interface Compassion Internationale ASBL | Actions 2022\",\"isPartOf\":{\"@id\":\"https:\\\/\\\/interface-compassion-internationale.org\\\/#website\"},\"primaryImageOfPage\":{\"@id\":\"https:\\\/\\\/interface-compassion-internationale.org\\\/index.php\\\/actions-2022\\\/#primaryimage\"},\"image\":{\"@id\":\"https:\\\/\\\/interface-compassion-internationale.org\\\/index.php\\\/actions-2022\\\/#primaryimage\"},\"thumbnailUrl\":\"https:\\\/\\\/interface-compassion-internationale.org\\\/wp-content\\\/uploads\\\/2022\\\/08\\\/Poster-public-dinner-2-730x1024.jpg\",\"datePublished\":\"2022-02-15T10:20:50+00:00\",\"dateModified\":\"2022-08-16T14:25:05+00:00\",\"description\":\"Actions 2022 | D\u00e9couvrez les actions 2022 de l'association Interface compassion internationale. | Interface Compassion Internationale ASBL\",\"breadcrumb\":{\"@id\":\"https:\\\/\\\/interface-compassion-internationale.org\\\/index.php\\\/actions-2022\\\/#breadcrumb\"},\"inLanguage\":\"fr-FR\",\"potentialAction\":[{\"@type\":\"ReadAction\",\"target\":[\"https:\\\/\\\/interface-compassion-internationale.org\\\/index.php\\\/actions-2022\\\/\"]}]},{\"@type\":\"ImageObject\",\"inLanguage\":\"fr-FR\",\"@id\":\"https:\\\/\\\/interface-compassion-internationale.org\\\/index.php\\\/actions-2022\\\/#primaryimage\",\"url\":\"https:\\\/\\\/interface-compassion-internationale.org\\\/wp-content\\\/uploads\\\/2022\\\/08\\\/Poster-public-dinner-2-scaled.jpg\",\"contentUrl\":\"https:\\\/\\\/interface-compassion-internationale.org\\\/wp-content\\\/uploads\\\/2022\\\/08\\\/Poster-public-dinner-2-scaled.jpg\",\"width\":1825,\"height\":2560},{\"@type\":\"BreadcrumbList\",\"@id\":\"https:\\\/\\\/interface-compassion-internationale.org\\\/index.php\\\/actions-2022\\\/#breadcrumb\",\"itemListElement\":[{\"@type\":\"ListItem\",\"position\":1,\"name\":\"Accueil\",\"item\":\"https:\\\/\\\/interface-compassion-internationale.org\\\/index.php\\\/language\\\/fr\\\/\"},{\"@type\":\"ListItem\",\"position\":2,\"name\":\"Actions 2022\"}]},{\"@type\":\"WebSite\",\"@id\":\"https:\\\/\\\/interface-compassion-internationale.org\\\/#website\",\"url\":\"https:\\\/\\\/interface-compassion-internationale.org\\\/\",\"name\":\"Interface Compassion Internationale ASBL\",\"description\":\"Aider les femmes victimes de violences sexuelles en RDC \",\"publisher\":{\"@id\":\"https:\\\/\\\/interface-compassion-internationale.org\\\/#organization\"},\"potentialAction\":[{\"@type\":\"SearchAction\",\"target\":{\"@type\":\"EntryPoint\",\"urlTemplate\":\"https:\\\/\\\/interface-compassion-internationale.org\\\/?s={search_term_string}\"},\"query-input\":{\"@type\":\"PropertyValueSpecification\",\"valueRequired\":true,\"valueName\":\"search_term_string\"}}],\"inLanguage\":\"fr-FR\"},{\"@type\":\"Organization\",\"@id\":\"https:\\\/\\\/interface-compassion-internationale.org\\\/#organization\",\"name\":\"Interface compassion internationale\",\"url\":\"https:\\\/\\\/interface-compassion-internationale.org\\\/\",\"logo\":{\"@type\":\"ImageObject\",\"inLanguage\":\"fr-FR\",\"@id\":\"https:\\\/\\\/interface-compassion-internationale.org\\\/#\\\/schema\\\/logo\\\/image\\\/\",\"url\":\"https:\\\/\\\/interface-compassion-internationale.org\\\/wp-content\\\/uploads\\\/2021\\\/09\\\/logo_white.jpg\",\"contentUrl\":\"https:\\\/\\\/interface-compassion-internationale.org\\\/wp-content\\\/uploads\\\/2021\\\/09\\\/logo_white.jpg\",\"width\":842,\"height\":892,\"caption\":\"Interface compassion internationale\"},\"image\":{\"@id\":\"https:\\\/\\\/interface-compassion-internationale.org\\\/#\\\/schema\\\/logo\\\/image\\\/\"},\"sameAs\":[\"https:\\\/\\\/www.facebook.com\\\/compassioninterIF\\\/\",\"https:\\\/\\\/www.linkedin.com\\\/company\\\/interface-compassion-internationale-asbl\\\/\",\"https:\\\/\\\/www.youtube.com\\\/channel\\\/UCzwbTCEmlfz9OXYK6XoHQew\"]}]}<\/script>\n<!-- \/ Yoast SEO plugin. -->","yoast_head_json":{"title":"Interface Compassion Internationale ASBL | Actions 2022","description":"Actions 2022 | D\u00e9couvrez les actions 2022 de l'association Interface compassion internationale. | Interface Compassion Internationale ASBL","robots":{"index":"index","follow":"follow","max-snippet":"max-snippet:-1","max-image-preview":"max-image-preview:large","max-video-preview":"max-video-preview:-1"},"canonical":"https:\/\/interface-compassion-internationale.org\/index.php\/actions-2022\/","og_locale":"fr_FR","og_type":"article","og_title":"Interface compassion internationale: les actions 2022 de l'association","og_description":"D\u00e9couvrez sur cette page les diff\u00e9rentes actions de l'association Interface compassion internationale","og_url":"https:\/\/interface-compassion-internationale.org\/index.php\/actions-2022\/","og_site_name":"Interface Compassion Internationale ASBL","article_publisher":"https:\/\/www.facebook.com\/compassioninterIF\/","article_modified_time":"2022-08-16T14:25:05+00:00","og_image":[{"width":2000,"height":1200,"url":"https:\/\/interface-compassion-internationale.org\/wp-content\/uploads\/2021\/09\/cropped-girl-1912901_1920.jpg","type":"image\/jpeg"}],"twitter_card":"summary_large_image","twitter_title":"Interface compassion internationale: les actions 2022 de l'association","twitter_description":"D\u00e9couvrez sur cette page les diff\u00e9rentes actions de l'association Interface compassion internationale","twitter_image":"https:\/\/interface-compassion-internationale.org\/wp-content\/uploads\/2021\/09\/cropped-girl-1912901_1920.jpg","twitter_misc":{"Dur\u00e9e de lecture estim\u00e9e":"3 minutes"},"schema":{"@context":"https:\/\/schema.org","@graph":[{"@type":"WebPage","@id":"https:\/\/interface-compassion-internationale.org\/index.php\/actions-2022\/","url":"https:\/\/interface-compassion-internationale.org\/index.php\/actions-2022\/","name":"Interface Compassion Internationale ASBL | Actions 2022","isPartOf":{"@id":"https:\/\/interface-compassion-internationale.org\/#website"},"primaryImageOfPage":{"@id":"https:\/\/interface-compassion-internationale.org\/index.php\/actions-2022\/#primaryimage"},"image":{"@id":"https:\/\/interface-compassion-internationale.org\/index.php\/actions-2022\/#primaryimage"},"thumbnailUrl":"https:\/\/interface-compassion-internationale.org\/wp-content\/uploads\/2022\/08\/Poster-public-dinner-2-730x1024.jpg","datePublished":"2022-02-15T10:20:50+00:00","dateModified":"2022-08-16T14:25:05+00:00","description":"Actions 2022 | D\u00e9couvrez les actions 2022 de l'association Interface compassion internationale. | Interface Compassion Internationale ASBL","breadcrumb":{"@id":"https:\/\/interface-compassion-internationale.org\/index.php\/actions-2022\/#breadcrumb"},"inLanguage":"fr-FR","potentialAction":[{"@type":"ReadAction","target":["https:\/\/interface-compassion-internationale.org\/index.php\/actions-2022\/"]}]},{"@type":"ImageObject","inLanguage":"fr-FR","@id":"https:\/\/interface-compassion-internationale.org\/index.php\/actions-2022\/#primaryimage","url":"https:\/\/interface-compassion-internationale.org\/wp-content\/uploads\/2022\/08\/Poster-public-dinner-2-scaled.jpg","contentUrl":"https:\/\/interface-compassion-internationale.org\/wp-content\/uploads\/2022\/08\/Poster-public-dinner-2-scaled.jpg","width":1825,"height":2560},{"@type":"BreadcrumbList","@id":"https:\/\/interface-compassion-internationale.org\/index.php\/actions-2022\/#breadcrumb","itemListElement":[{"@type":"ListItem","position":1,"name":"Accueil","item":"https:\/\/interface-compassion-internationale.org\/index.php\/language\/fr\/"},{"@type":"ListItem","position":2,"name":"Actions 2022"}]},{"@type":"WebSite","@id":"https:\/\/interface-compassion-internationale.org\/#website","url":"https:\/\/interface-compassion-internationale.org\/","name":"Interface Compassion Internationale ASBL","description":"Aider les femmes victimes de violences sexuelles en RDC ","publisher":{"@id":"https:\/\/interface-compassion-internationale.org\/#organization"},"potentialAction":[{"@type":"SearchAction","target":{"@type":"EntryPoint","urlTemplate":"https:\/\/interface-compassion-internationale.org\/?s={search_term_string}"},"query-input":{"@type":"PropertyValueSpecification","valueRequired":true,"valueName":"search_term_string"}}],"inLanguage":"fr-FR"},{"@type":"Organization","@id":"https:\/\/interface-compassion-internationale.org\/#organization","name":"Interface compassion internationale","url":"https:\/\/interface-compassion-internationale.org\/","logo":{"@type":"ImageObject","inLanguage":"fr-FR","@id":"https:\/\/interface-compassion-internationale.org\/#\/schema\/logo\/image\/","url":"https:\/\/interface-compassion-internationale.org\/wp-content\/uploads\/2021\/09\/logo_white.jpg","contentUrl":"https:\/\/interface-compassion-internationale.org\/wp-content\/uploads\/2021\/09\/logo_white.jpg","width":842,"height":892,"caption":"Interface compassion internationale"},"image":{"@id":"https:\/\/interface-compassion-internationale.org\/#\/schema\/logo\/image\/"},"sameAs":["https:\/\/www.facebook.com\/compassioninterIF\/","https:\/\/www.linkedin.com\/company\/interface-compassion-internationale-asbl\/","https:\/\/www.youtube.com\/channel\/UCzwbTCEmlfz9OXYK6XoHQew"]}]}},"jetpack_sharing_enabled":true,"_links":{"self":[{"href":"https:\/\/interface-compassion-internationale.org\/index.php\/wp-json\/wp\/v2\/pages\/800","targetHints":{"allow":["GET"]}}],"collection":[{"href":"https:\/\/interface-compassion-internationale.org\/index.php\/wp-json\/wp\/v2\/pages"}],"about":[{"href":"https:\/\/interface-compassion-internationale.org\/index.php\/wp-json\/wp\/v2\/types\/page"}],"author":[{"embeddable":true,"href":"https:\/\/interface-compassion-internationale.org\/index.php\/wp-json\/wp\/v2\/users\/2"}],"replies":[{"embeddable":true,"href":"https:\/\/interface-compassion-internationale.org\/index.php\/wp-json\/wp\/v2\/comments?post=800"}],"version-history":[{"count":8,"href":"https:\/\/interface-compassion-internationale.org\/index.php\/wp-json\/wp\/v2\/pages\/800\/revisions"}],"predecessor-version":[{"id":956,"href":"https:\/\/interface-compassion-internationale.org\/index.php\/wp-json\/wp\/v2\/pages\/800\/revisions\/956"}],"wp:attachment":[{"href":"https:\/\/interface-compassion-internationale.org\/index.php\/wp-json\/wp\/v2\/media?parent=800"}],"curies":[{"name":"wp","href":"https:\/\/api.w.org\/{rel}","templated":true}]}}