{"id":817,"date":"2022-02-15T18:20:06","date_gmt":"2022-02-15T17:20:06","guid":{"rendered":"https:\/\/interface-compassion-internationale.org\/?page_id=817"},"modified":"2022-08-16T16:29:20","modified_gmt":"2022-08-16T14:29:20","slug":"events-2022","status":"publish","type":"page","link":"https:\/\/interface-compassion-internationale.org\/index.php\/events-2022\/","title":{"rendered":"Events 2022"},"content":{"rendered":"\n<p>Discover the different actions of the association Interface compassion internationale over the year 2022<\/p>\n\n\n\n<p><\/p>\n\n\n\n<h2 class=\"wp-block-heading\">Charity meal (September 3rd)<\/h2>\n\n\n\n<p>A complete menu, consisting of half a chicken, French fries and salads is proposed at the price of 20 euros\/adult. This amount also includes an aperitive drink and the dessert.<br>For the children, the price is 10 euros until 12 years old included.<br>A raffle will be organised at the price of 2 euros\/ticket. All tickets are winners.<br>This meal will take place at the village house (Maison de village) of Wasmes-Audemetz-Briffoeuil (rue de la gare 4B in 7604 Wasmes-A-B) at 19.00.<\/p>\n\n\n\n\n\n<h2 class=\"wp-block-heading\">Classic guitar concerto (August 2022)<\/h2>\n\n\n\n<p>In August, we will have the honour and the pleasure of welcoming Maestro Silvio Legni, a music teacher and in particular a classical guitar teacher, from the nice town of Forl\u00ec (Italy). He will perform in two concerts (about 1 hour) in P\u00e9ruwelz (6 August at 7pm) and in Brussels (Woluw\u00e9-Saint-Lambert, 13 August at 7pm). More information will follow very soon.<\/p>\n\n\n\n<h2 class=\"wp-block-heading\" id=\"bookmark-action\">Bookmark action<\/h2>\n\n\n\n<p>This \u00ab\u00a0bookmark\u00a0\u00bb operation, which we are launching in March 2022, aims to collect more donations for our association.<\/p>\n\n\n\n<p>The bookmarks are made of fabric, made from African loincloths. These loincloths were brought back from Bukavu during Emmanuel Mukwege&rsquo;s trip in December 2021.<\/p>\n\n\n\n<p>The loincloth is the typical colorful fabric worn by women in Africa, also called wax. We want to offer everyone a piece of Africa and bring a little bit of color into your home. The strips are 2.5 cm by 25 cm, cut by the ladies of our association directly in the loincloth. This bookmark is above all a symbol. A symbol of the colors of Africa and of women victims of sexual violence in Congo.<\/p>\n\n\n\n<p>The selling price is fixed at 5 euros (5,50 euros if delivered in Belgium and 6 euros for international shipping). It is not too expensive because the goal is to help the poorest and to invest in a humanitarian action. Moreover, we propose the opportunity to all the buyers of becoming a member on simple request (please communicate then an email address to receive the certificate). The annual fee is included in the purchase price.<\/p>\n\n\n\n<p>To order, write to us at informations@interface-compassion-internationale.org or contact us via social networks (Facebook or Linkedin).<\/p>\n\n\n\n<p>To order, write to us at informations@interface-compassion-internationale.org or contact us via social networks (Facebook or Linkedin).<\/p>\n\n\n\n<figure class=\"wp-block-image size-large is-resized\"><img loading=\"lazy\" decoding=\"async\" src=\"https:\/\/interface-compassion-internationale.org\/wp-content\/uploads\/2022\/02\/MP_240122-1-768x1024.jpg\" alt=\"\" class=\"wp-image-810\" width=\"415\" height=\"553\" srcset=\"https:\/\/interface-compassion-internationale.org\/wp-content\/uploads\/2022\/02\/MP_240122-1-768x1024.jpg 768w, https:\/\/interface-compassion-internationale.org\/wp-content\/uploads\/2022\/02\/MP_240122-1-scaled-350x467.jpg 350w, https:\/\/interface-compassion-internationale.org\/wp-content\/uploads\/2022\/02\/MP_240122-1-225x300.jpg 225w, https:\/\/interface-compassion-internationale.org\/wp-content\/uploads\/2022\/02\/MP_240122-1-scaled.jpg 1920w\" sizes=\"auto, (max-width: 415px) 100vw, 415px\" \/><figcaption>Each bookmark is a unique piece.<\/figcaption><\/figure>\n\n\n\n<figure class=\"wp-block-image size-large is-resized\"><img loading=\"lazy\" decoding=\"async\" src=\"https:\/\/interface-compassion-internationale.org\/wp-content\/uploads\/2022\/02\/Picture1-1-937x1024.jpg\" alt=\"\" class=\"wp-image-811\" width=\"417\" height=\"455\" srcset=\"https:\/\/interface-compassion-internationale.org\/wp-content\/uploads\/2022\/02\/Picture1-1-937x1024.jpg 937w, https:\/\/interface-compassion-internationale.org\/wp-content\/uploads\/2022\/02\/Picture1-1-350x382.jpg 350w, https:\/\/interface-compassion-internationale.org\/wp-content\/uploads\/2022\/02\/Picture1-1-275x300.jpg 275w, https:\/\/interface-compassion-internationale.org\/wp-content\/uploads\/2022\/02\/Picture1-1-768x839.jpg 768w, https:\/\/interface-compassion-internationale.org\/wp-content\/uploads\/2022\/02\/Picture1-1.jpg 1736w\" sizes=\"auto, (max-width: 417px) 100vw, 417px\" \/><figcaption>Zoom on some bookmarks.<\/figcaption><\/figure>\n","protected":false},"excerpt":{"rendered":"<p>Discover the different actions of the association Interface compassion internationale over the year 2022 Charity meal (September 3rd) A complete menu, consisting of half a chicken, French fries and salads is proposed at the price of 20 euros\/adult. This amount also includes an aperitive drink and the dessert.For the children, the price is 10 euros &hellip; <\/p>\n<p class=\"link-more\"><a href=\"https:\/\/interface-compassion-internationale.org\/index.php\/events-2022\/\" class=\"more-link\">Continuer la lecture<span class=\"screen-reader-text\"> de &laquo;&nbsp;Events 2022&nbsp;&raquo;<\/span><\/a><\/p>\n","protected":false},"author":2,"featured_media":0,"parent":0,"menu_order":0,"comment_status":"closed","ping_status":"closed","template":"","meta":{"footnotes":""},"class_list":["post-817","page","type-page","status-publish","hentry"],"yoast_head":"<!-- This site is optimized with the Yoast SEO plugin v27.4 - https:\/\/yoast.com\/product\/yoast-seo-wordpress\/ -->\n<title>Interface Compassion Internationale ASBL | Events 2022<\/title>\n<meta name=\"description\" content=\"Events 2022 | Discover the events 2022 of the association Interface compassion internationale. | Interface Compassion Internationale ASBL\" \/>\n<meta name=\"robots\" content=\"index, follow, max-snippet:-1, max-image-preview:large, max-video-preview:-1\" \/>\n<link rel=\"canonical\" href=\"https:\/\/interface-compassion-internationale.org\/index.php\/events-2022\/\" \/>\n<meta property=\"og:locale\" content=\"fr_FR\" \/>\n<meta property=\"og:type\" content=\"article\" \/>\n<meta property=\"og:title\" content=\"Interface compassion internationale: Events 2022\" \/>\n<meta property=\"og:description\" content=\"Discover on this page the different events of the association Interface compassion internationale\" \/>\n<meta property=\"og:url\" content=\"https:\/\/interface-compassion-internationale.org\/index.php\/events-2022\/\" \/>\n<meta property=\"og:site_name\" content=\"Interface Compassion Internationale ASBL\" \/>\n<meta property=\"article:publisher\" content=\"https:\/\/www.facebook.com\/compassioninterIF\/\" \/>\n<meta property=\"article:modified_time\" content=\"2022-08-16T14:29:20+00:00\" \/>\n<meta property=\"og:image\" content=\"https:\/\/interface-compassion-internationale.org\/wp-content\/uploads\/2021\/09\/ICI_12.png\" \/>\n\t<meta property=\"og:image:width\" content=\"1347\" \/>\n\t<meta property=\"og:image:height\" content=\"547\" \/>\n\t<meta property=\"og:image:type\" content=\"image\/png\" \/>\n<meta name=\"twitter:card\" content=\"summary_large_image\" \/>\n<meta name=\"twitter:title\" content=\"Interface compassion internationale: Events 2022\" \/>\n<meta name=\"twitter:description\" content=\"Discover on this page the different events of the association Interface compassion internationale\" \/>\n<meta name=\"twitter:image\" content=\"https:\/\/interface-compassion-internationale.org\/wp-content\/uploads\/2021\/09\/ICI_12.png\" \/>\n<meta name=\"twitter:label1\" content=\"Dur\u00e9e de lecture estim\u00e9e\" \/>\n\t<meta name=\"twitter:data1\" content=\"3 minutes\" \/>\n<script type=\"application\/ld+json\" class=\"yoast-schema-graph\">{\"@context\":\"https:\\\/\\\/schema.org\",\"@graph\":[{\"@type\":\"WebPage\",\"@id\":\"https:\\\/\\\/interface-compassion-internationale.org\\\/index.php\\\/events-2022\\\/\",\"url\":\"https:\\\/\\\/interface-compassion-internationale.org\\\/index.php\\\/events-2022\\\/\",\"name\":\"Interface Compassion Internationale ASBL | Events 2022\",\"isPartOf\":{\"@id\":\"https:\\\/\\\/interface-compassion-internationale.org\\\/#website\"},\"primaryImageOfPage\":{\"@id\":\"https:\\\/\\\/interface-compassion-internationale.org\\\/index.php\\\/events-2022\\\/#primaryimage\"},\"image\":{\"@id\":\"https:\\\/\\\/interface-compassion-internationale.org\\\/index.php\\\/events-2022\\\/#primaryimage\"},\"thumbnailUrl\":\"https:\\\/\\\/interface-compassion-internationale.org\\\/wp-content\\\/uploads\\\/2022\\\/02\\\/MP_240122-1-768x1024.jpg\",\"datePublished\":\"2022-02-15T17:20:06+00:00\",\"dateModified\":\"2022-08-16T14:29:20+00:00\",\"description\":\"Events 2022 | Discover the events 2022 of the association Interface compassion internationale. | Interface Compassion Internationale ASBL\",\"breadcrumb\":{\"@id\":\"https:\\\/\\\/interface-compassion-internationale.org\\\/index.php\\\/events-2022\\\/#breadcrumb\"},\"inLanguage\":\"fr-FR\",\"potentialAction\":[{\"@type\":\"ReadAction\",\"target\":[\"https:\\\/\\\/interface-compassion-internationale.org\\\/index.php\\\/events-2022\\\/\"]}]},{\"@type\":\"ImageObject\",\"inLanguage\":\"fr-FR\",\"@id\":\"https:\\\/\\\/interface-compassion-internationale.org\\\/index.php\\\/events-2022\\\/#primaryimage\",\"url\":\"https:\\\/\\\/interface-compassion-internationale.org\\\/wp-content\\\/uploads\\\/2022\\\/02\\\/MP_240122-1-768x1024.jpg\",\"contentUrl\":\"https:\\\/\\\/interface-compassion-internationale.org\\\/wp-content\\\/uploads\\\/2022\\\/02\\\/MP_240122-1-768x1024.jpg\"},{\"@type\":\"BreadcrumbList\",\"@id\":\"https:\\\/\\\/interface-compassion-internationale.org\\\/index.php\\\/events-2022\\\/#breadcrumb\",\"itemListElement\":[{\"@type\":\"ListItem\",\"position\":1,\"name\":\"Accueil\",\"item\":\"https:\\\/\\\/interface-compassion-internationale.org\\\/index.php\\\/language\\\/fr\\\/\"},{\"@type\":\"ListItem\",\"position\":2,\"name\":\"Events 2022\"}]},{\"@type\":\"WebSite\",\"@id\":\"https:\\\/\\\/interface-compassion-internationale.org\\\/#website\",\"url\":\"https:\\\/\\\/interface-compassion-internationale.org\\\/\",\"name\":\"Interface Compassion Internationale ASBL\",\"description\":\"Aider les femmes victimes de violences sexuelles en RDC \",\"publisher\":{\"@id\":\"https:\\\/\\\/interface-compassion-internationale.org\\\/#organization\"},\"potentialAction\":[{\"@type\":\"SearchAction\",\"target\":{\"@type\":\"EntryPoint\",\"urlTemplate\":\"https:\\\/\\\/interface-compassion-internationale.org\\\/?s={search_term_string}\"},\"query-input\":{\"@type\":\"PropertyValueSpecification\",\"valueRequired\":true,\"valueName\":\"search_term_string\"}}],\"inLanguage\":\"fr-FR\"},{\"@type\":\"Organization\",\"@id\":\"https:\\\/\\\/interface-compassion-internationale.org\\\/#organization\",\"name\":\"Interface compassion internationale\",\"url\":\"https:\\\/\\\/interface-compassion-internationale.org\\\/\",\"logo\":{\"@type\":\"ImageObject\",\"inLanguage\":\"fr-FR\",\"@id\":\"https:\\\/\\\/interface-compassion-internationale.org\\\/#\\\/schema\\\/logo\\\/image\\\/\",\"url\":\"https:\\\/\\\/interface-compassion-internationale.org\\\/wp-content\\\/uploads\\\/2021\\\/09\\\/logo_white.jpg\",\"contentUrl\":\"https:\\\/\\\/interface-compassion-internationale.org\\\/wp-content\\\/uploads\\\/2021\\\/09\\\/logo_white.jpg\",\"width\":842,\"height\":892,\"caption\":\"Interface compassion internationale\"},\"image\":{\"@id\":\"https:\\\/\\\/interface-compassion-internationale.org\\\/#\\\/schema\\\/logo\\\/image\\\/\"},\"sameAs\":[\"https:\\\/\\\/www.facebook.com\\\/compassioninterIF\\\/\",\"https:\\\/\\\/www.linkedin.com\\\/company\\\/interface-compassion-internationale-asbl\\\/\",\"https:\\\/\\\/www.youtube.com\\\/channel\\\/UCzwbTCEmlfz9OXYK6XoHQew\"]}]}<\/script>\n<!-- \/ Yoast SEO plugin. -->","yoast_head_json":{"title":"Interface Compassion Internationale ASBL | Events 2022","description":"Events 2022 | Discover the events 2022 of the association Interface compassion internationale. | Interface Compassion Internationale ASBL","robots":{"index":"index","follow":"follow","max-snippet":"max-snippet:-1","max-image-preview":"max-image-preview:large","max-video-preview":"max-video-preview:-1"},"canonical":"https:\/\/interface-compassion-internationale.org\/index.php\/events-2022\/","og_locale":"fr_FR","og_type":"article","og_title":"Interface compassion internationale: Events 2022","og_description":"Discover on this page the different events of the association Interface compassion internationale","og_url":"https:\/\/interface-compassion-internationale.org\/index.php\/events-2022\/","og_site_name":"Interface Compassion Internationale ASBL","article_publisher":"https:\/\/www.facebook.com\/compassioninterIF\/","article_modified_time":"2022-08-16T14:29:20+00:00","og_image":[{"width":1347,"height":547,"url":"https:\/\/interface-compassion-internationale.org\/wp-content\/uploads\/2021\/09\/ICI_12.png","type":"image\/png"}],"twitter_card":"summary_large_image","twitter_title":"Interface compassion internationale: Events 2022","twitter_description":"Discover on this page the different events of the association Interface compassion internationale","twitter_image":"https:\/\/interface-compassion-internationale.org\/wp-content\/uploads\/2021\/09\/ICI_12.png","twitter_misc":{"Dur\u00e9e de lecture estim\u00e9e":"3 minutes"},"schema":{"@context":"https:\/\/schema.org","@graph":[{"@type":"WebPage","@id":"https:\/\/interface-compassion-internationale.org\/index.php\/events-2022\/","url":"https:\/\/interface-compassion-internationale.org\/index.php\/events-2022\/","name":"Interface Compassion Internationale ASBL | Events 2022","isPartOf":{"@id":"https:\/\/interface-compassion-internationale.org\/#website"},"primaryImageOfPage":{"@id":"https:\/\/interface-compassion-internationale.org\/index.php\/events-2022\/#primaryimage"},"image":{"@id":"https:\/\/interface-compassion-internationale.org\/index.php\/events-2022\/#primaryimage"},"thumbnailUrl":"https:\/\/interface-compassion-internationale.org\/wp-content\/uploads\/2022\/02\/MP_240122-1-768x1024.jpg","datePublished":"2022-02-15T17:20:06+00:00","dateModified":"2022-08-16T14:29:20+00:00","description":"Events 2022 | Discover the events 2022 of the association Interface compassion internationale. | Interface Compassion Internationale ASBL","breadcrumb":{"@id":"https:\/\/interface-compassion-internationale.org\/index.php\/events-2022\/#breadcrumb"},"inLanguage":"fr-FR","potentialAction":[{"@type":"ReadAction","target":["https:\/\/interface-compassion-internationale.org\/index.php\/events-2022\/"]}]},{"@type":"ImageObject","inLanguage":"fr-FR","@id":"https:\/\/interface-compassion-internationale.org\/index.php\/events-2022\/#primaryimage","url":"https:\/\/interface-compassion-internationale.org\/wp-content\/uploads\/2022\/02\/MP_240122-1-768x1024.jpg","contentUrl":"https:\/\/interface-compassion-internationale.org\/wp-content\/uploads\/2022\/02\/MP_240122-1-768x1024.jpg"},{"@type":"BreadcrumbList","@id":"https:\/\/interface-compassion-internationale.org\/index.php\/events-2022\/#breadcrumb","itemListElement":[{"@type":"ListItem","position":1,"name":"Accueil","item":"https:\/\/interface-compassion-internationale.org\/index.php\/language\/fr\/"},{"@type":"ListItem","position":2,"name":"Events 2022"}]},{"@type":"WebSite","@id":"https:\/\/interface-compassion-internationale.org\/#website","url":"https:\/\/interface-compassion-internationale.org\/","name":"Interface Compassion Internationale ASBL","description":"Aider les femmes victimes de violences sexuelles en RDC ","publisher":{"@id":"https:\/\/interface-compassion-internationale.org\/#organization"},"potentialAction":[{"@type":"SearchAction","target":{"@type":"EntryPoint","urlTemplate":"https:\/\/interface-compassion-internationale.org\/?s={search_term_string}"},"query-input":{"@type":"PropertyValueSpecification","valueRequired":true,"valueName":"search_term_string"}}],"inLanguage":"fr-FR"},{"@type":"Organization","@id":"https:\/\/interface-compassion-internationale.org\/#organization","name":"Interface compassion internationale","url":"https:\/\/interface-compassion-internationale.org\/","logo":{"@type":"ImageObject","inLanguage":"fr-FR","@id":"https:\/\/interface-compassion-internationale.org\/#\/schema\/logo\/image\/","url":"https:\/\/interface-compassion-internationale.org\/wp-content\/uploads\/2021\/09\/logo_white.jpg","contentUrl":"https:\/\/interface-compassion-internationale.org\/wp-content\/uploads\/2021\/09\/logo_white.jpg","width":842,"height":892,"caption":"Interface compassion internationale"},"image":{"@id":"https:\/\/interface-compassion-internationale.org\/#\/schema\/logo\/image\/"},"sameAs":["https:\/\/www.facebook.com\/compassioninterIF\/","https:\/\/www.linkedin.com\/company\/interface-compassion-internationale-asbl\/","https:\/\/www.youtube.com\/channel\/UCzwbTCEmlfz9OXYK6XoHQew"]}]}},"jetpack_sharing_enabled":true,"_links":{"self":[{"href":"https:\/\/interface-compassion-internationale.org\/index.php\/wp-json\/wp\/v2\/pages\/817","targetHints":{"allow":["GET"]}}],"collection":[{"href":"https:\/\/interface-compassion-internationale.org\/index.php\/wp-json\/wp\/v2\/pages"}],"about":[{"href":"https:\/\/interface-compassion-internationale.org\/index.php\/wp-json\/wp\/v2\/types\/page"}],"author":[{"embeddable":true,"href":"https:\/\/interface-compassion-internationale.org\/index.php\/wp-json\/wp\/v2\/users\/2"}],"replies":[{"embeddable":true,"href":"https:\/\/interface-compassion-internationale.org\/index.php\/wp-json\/wp\/v2\/comments?post=817"}],"version-history":[{"count":8,"href":"https:\/\/interface-compassion-internationale.org\/index.php\/wp-json\/wp\/v2\/pages\/817\/revisions"}],"predecessor-version":[{"id":960,"href":"https:\/\/interface-compassion-internationale.org\/index.php\/wp-json\/wp\/v2\/pages\/817\/revisions\/960"}],"wp:attachment":[{"href":"https:\/\/interface-compassion-internationale.org\/index.php\/wp-json\/wp\/v2\/media?parent=817"}],"curies":[{"name":"wp","href":"https:\/\/api.w.org\/{rel}","templated":true}]}}