{"id":83,"date":"2021-09-06T16:32:06","date_gmt":"2021-09-06T14:32:06","guid":{"rendered":"https:\/\/interface-compassion-internationale.org\/?page_id=83"},"modified":"2021-10-01T12:19:00","modified_gmt":"2021-10-01T10:19:00","slug":"financement","status":"publish","type":"page","link":"https:\/\/interface-compassion-internationale.org\/index.php\/financement\/","title":{"rendered":"Financement"},"content":{"rendered":"\n<h2 class=\"wp-block-heading\">Le financement<\/h2>\n\n\n\n<p>Le financement comporte deux volets :<\/p>\n\n\n\n<ol class=\"wp-block-list\"><li>Le volet relatif \u00e0 l\u2019acquisition ou \u00e0 la construction des structures : ce financement doit provenir des donateurs, tant nationaux qu\u2019internationaux ;<\/li><li>Le volet relatif au financement du fonctionnement : aider les Mutuelles de Solidarit\u00e9 \u00e0 acqu\u00e9rir des terres pour la culture ou la pisciculture. Les b\u00e9n\u00e9fices engendr\u00e9s par les produits de vente peuvent participer \u00e0 financer les projets ci-dessus.<\/li><\/ol>\n\n\n\n<p>Les femmes b\u00e9n\u00e9ficiaires de microcr\u00e9dit qui ont r\u00e9ussi \u00e0 avancer peuvent se faire aider pour acc\u00e9der \u00e0 un cr\u00e9dit plus important et ainsi d\u00e9ployer leurs activit\u00e9s. Ce cr\u00e9dit est octroy\u00e9 par le conseil d\u2019administration de l\u2019ASBL sur proposition de la Mutuelle de Solidarit\u00e9. Une modeste contribution, calcul\u00e9e selon des crit\u00e8res et des param\u00e8tres du moment, peut leur \u00eatre demand\u00e9e afin de financer les projets communautaires.<\/p>\n\n\n\n<p>Lire plus sur <a href=\"https:\/\/interface-compassion-internationale.org\/index.php\/language\/fr\/planification\/\" data-type=\"page\" data-id=\"105\">la planification<\/a>&#8230;<\/p>\n","protected":false},"excerpt":{"rendered":"<p>Le financement Le financement comporte deux volets : Le volet relatif \u00e0 l\u2019acquisition ou \u00e0 la construction des structures : ce financement doit provenir des donateurs, tant nationaux qu\u2019internationaux ; Le volet relatif au financement du fonctionnement : aider les Mutuelles de Solidarit\u00e9 \u00e0 acqu\u00e9rir des terres pour la culture ou la pisciculture. Les b\u00e9n\u00e9fices &hellip; <\/p>\n<p class=\"link-more\"><a href=\"https:\/\/interface-compassion-internationale.org\/index.php\/financement\/\" class=\"more-link\">Continuer la lecture<span class=\"screen-reader-text\"> de &laquo;&nbsp;Financement&nbsp;&raquo;<\/span><\/a><\/p>\n","protected":false},"author":2,"featured_media":0,"parent":0,"menu_order":0,"comment_status":"closed","ping_status":"closed","template":"","meta":{"footnotes":""},"class_list":["post-83","page","type-page","status-publish","hentry"],"yoast_head":"<!-- This site is optimized with the Yoast SEO plugin v27.4 - https:\/\/yoast.com\/product\/yoast-seo-wordpress\/ -->\n<title>Interface Compassion Internationale ASBL Financement |<\/title>\n<meta name=\"robots\" content=\"index, follow, max-snippet:-1, max-image-preview:large, max-video-preview:-1\" \/>\n<link rel=\"canonical\" href=\"https:\/\/interface-compassion-internationale.org\/index.php\/financement\/\" \/>\n<meta property=\"og:locale\" content=\"fr_FR\" \/>\n<meta property=\"og:type\" content=\"article\" \/>\n<meta property=\"og:title\" content=\"Interface Compassion Internationale ASBL Financement |\" \/>\n<meta property=\"og:description\" content=\"Le financement Le financement comporte deux volets : Le volet relatif \u00e0 l\u2019acquisition ou \u00e0 la construction des structures : ce financement doit provenir des donateurs, tant nationaux qu\u2019internationaux ; Le volet relatif au financement du fonctionnement : aider les Mutuelles de Solidarit\u00e9 \u00e0 acqu\u00e9rir des terres pour la culture ou la pisciculture. Les b\u00e9n\u00e9fices &hellip; Continuer la lecture de &laquo;&nbsp;Financement&nbsp;&raquo;\" \/>\n<meta property=\"og:url\" content=\"https:\/\/interface-compassion-internationale.org\/index.php\/financement\/\" \/>\n<meta property=\"og:site_name\" content=\"Interface Compassion Internationale ASBL\" \/>\n<meta property=\"article:publisher\" content=\"https:\/\/www.facebook.com\/compassioninterIF\/\" \/>\n<meta property=\"article:modified_time\" content=\"2021-10-01T10:19:00+00:00\" \/>\n<meta name=\"twitter:card\" content=\"summary_large_image\" \/>\n<meta name=\"twitter:label1\" content=\"Dur\u00e9e de lecture estim\u00e9e\" \/>\n\t<meta name=\"twitter:data1\" content=\"1 minute\" \/>\n<script type=\"application\/ld+json\" class=\"yoast-schema-graph\">{\"@context\":\"https:\\\/\\\/schema.org\",\"@graph\":[{\"@type\":\"WebPage\",\"@id\":\"https:\\\/\\\/interface-compassion-internationale.org\\\/index.php\\\/financement\\\/\",\"url\":\"https:\\\/\\\/interface-compassion-internationale.org\\\/index.php\\\/financement\\\/\",\"name\":\"Interface Compassion Internationale ASBL Financement |\",\"isPartOf\":{\"@id\":\"https:\\\/\\\/interface-compassion-internationale.org\\\/#website\"},\"datePublished\":\"2021-09-06T14:32:06+00:00\",\"dateModified\":\"2021-10-01T10:19:00+00:00\",\"breadcrumb\":{\"@id\":\"https:\\\/\\\/interface-compassion-internationale.org\\\/index.php\\\/financement\\\/#breadcrumb\"},\"inLanguage\":\"fr-FR\",\"potentialAction\":[{\"@type\":\"ReadAction\",\"target\":[\"https:\\\/\\\/interface-compassion-internationale.org\\\/index.php\\\/financement\\\/\"]}]},{\"@type\":\"BreadcrumbList\",\"@id\":\"https:\\\/\\\/interface-compassion-internationale.org\\\/index.php\\\/financement\\\/#breadcrumb\",\"itemListElement\":[{\"@type\":\"ListItem\",\"position\":1,\"name\":\"Accueil\",\"item\":\"https:\\\/\\\/interface-compassion-internationale.org\\\/index.php\\\/language\\\/fr\\\/\"},{\"@type\":\"ListItem\",\"position\":2,\"name\":\"Financement\"}]},{\"@type\":\"WebSite\",\"@id\":\"https:\\\/\\\/interface-compassion-internationale.org\\\/#website\",\"url\":\"https:\\\/\\\/interface-compassion-internationale.org\\\/\",\"name\":\"Interface Compassion Internationale ASBL\",\"description\":\"Aider les femmes victimes de violences sexuelles en RDC \",\"publisher\":{\"@id\":\"https:\\\/\\\/interface-compassion-internationale.org\\\/#organization\"},\"potentialAction\":[{\"@type\":\"SearchAction\",\"target\":{\"@type\":\"EntryPoint\",\"urlTemplate\":\"https:\\\/\\\/interface-compassion-internationale.org\\\/?s={search_term_string}\"},\"query-input\":{\"@type\":\"PropertyValueSpecification\",\"valueRequired\":true,\"valueName\":\"search_term_string\"}}],\"inLanguage\":\"fr-FR\"},{\"@type\":\"Organization\",\"@id\":\"https:\\\/\\\/interface-compassion-internationale.org\\\/#organization\",\"name\":\"Interface compassion internationale\",\"url\":\"https:\\\/\\\/interface-compassion-internationale.org\\\/\",\"logo\":{\"@type\":\"ImageObject\",\"inLanguage\":\"fr-FR\",\"@id\":\"https:\\\/\\\/interface-compassion-internationale.org\\\/#\\\/schema\\\/logo\\\/image\\\/\",\"url\":\"https:\\\/\\\/interface-compassion-internationale.org\\\/wp-content\\\/uploads\\\/2021\\\/09\\\/logo_white.jpg\",\"contentUrl\":\"https:\\\/\\\/interface-compassion-internationale.org\\\/wp-content\\\/uploads\\\/2021\\\/09\\\/logo_white.jpg\",\"width\":842,\"height\":892,\"caption\":\"Interface compassion internationale\"},\"image\":{\"@id\":\"https:\\\/\\\/interface-compassion-internationale.org\\\/#\\\/schema\\\/logo\\\/image\\\/\"},\"sameAs\":[\"https:\\\/\\\/www.facebook.com\\\/compassioninterIF\\\/\",\"https:\\\/\\\/www.linkedin.com\\\/company\\\/interface-compassion-internationale-asbl\\\/\",\"https:\\\/\\\/www.youtube.com\\\/channel\\\/UCzwbTCEmlfz9OXYK6XoHQew\"]}]}<\/script>\n<!-- \/ Yoast SEO plugin. -->","yoast_head_json":{"title":"Interface Compassion Internationale ASBL Financement |","robots":{"index":"index","follow":"follow","max-snippet":"max-snippet:-1","max-image-preview":"max-image-preview:large","max-video-preview":"max-video-preview:-1"},"canonical":"https:\/\/interface-compassion-internationale.org\/index.php\/financement\/","og_locale":"fr_FR","og_type":"article","og_title":"Interface Compassion Internationale ASBL Financement |","og_description":"Le financement Le financement comporte deux volets : Le volet relatif \u00e0 l\u2019acquisition ou \u00e0 la construction des structures : ce financement doit provenir des donateurs, tant nationaux qu\u2019internationaux ; Le volet relatif au financement du fonctionnement : aider les Mutuelles de Solidarit\u00e9 \u00e0 acqu\u00e9rir des terres pour la culture ou la pisciculture. Les b\u00e9n\u00e9fices &hellip; Continuer la lecture de &laquo;&nbsp;Financement&nbsp;&raquo;","og_url":"https:\/\/interface-compassion-internationale.org\/index.php\/financement\/","og_site_name":"Interface Compassion Internationale ASBL","article_publisher":"https:\/\/www.facebook.com\/compassioninterIF\/","article_modified_time":"2021-10-01T10:19:00+00:00","twitter_card":"summary_large_image","twitter_misc":{"Dur\u00e9e de lecture estim\u00e9e":"1 minute"},"schema":{"@context":"https:\/\/schema.org","@graph":[{"@type":"WebPage","@id":"https:\/\/interface-compassion-internationale.org\/index.php\/financement\/","url":"https:\/\/interface-compassion-internationale.org\/index.php\/financement\/","name":"Interface Compassion Internationale ASBL Financement |","isPartOf":{"@id":"https:\/\/interface-compassion-internationale.org\/#website"},"datePublished":"2021-09-06T14:32:06+00:00","dateModified":"2021-10-01T10:19:00+00:00","breadcrumb":{"@id":"https:\/\/interface-compassion-internationale.org\/index.php\/financement\/#breadcrumb"},"inLanguage":"fr-FR","potentialAction":[{"@type":"ReadAction","target":["https:\/\/interface-compassion-internationale.org\/index.php\/financement\/"]}]},{"@type":"BreadcrumbList","@id":"https:\/\/interface-compassion-internationale.org\/index.php\/financement\/#breadcrumb","itemListElement":[{"@type":"ListItem","position":1,"name":"Accueil","item":"https:\/\/interface-compassion-internationale.org\/index.php\/language\/fr\/"},{"@type":"ListItem","position":2,"name":"Financement"}]},{"@type":"WebSite","@id":"https:\/\/interface-compassion-internationale.org\/#website","url":"https:\/\/interface-compassion-internationale.org\/","name":"Interface Compassion Internationale ASBL","description":"Aider les femmes victimes de violences sexuelles en RDC ","publisher":{"@id":"https:\/\/interface-compassion-internationale.org\/#organization"},"potentialAction":[{"@type":"SearchAction","target":{"@type":"EntryPoint","urlTemplate":"https:\/\/interface-compassion-internationale.org\/?s={search_term_string}"},"query-input":{"@type":"PropertyValueSpecification","valueRequired":true,"valueName":"search_term_string"}}],"inLanguage":"fr-FR"},{"@type":"Organization","@id":"https:\/\/interface-compassion-internationale.org\/#organization","name":"Interface compassion internationale","url":"https:\/\/interface-compassion-internationale.org\/","logo":{"@type":"ImageObject","inLanguage":"fr-FR","@id":"https:\/\/interface-compassion-internationale.org\/#\/schema\/logo\/image\/","url":"https:\/\/interface-compassion-internationale.org\/wp-content\/uploads\/2021\/09\/logo_white.jpg","contentUrl":"https:\/\/interface-compassion-internationale.org\/wp-content\/uploads\/2021\/09\/logo_white.jpg","width":842,"height":892,"caption":"Interface compassion internationale"},"image":{"@id":"https:\/\/interface-compassion-internationale.org\/#\/schema\/logo\/image\/"},"sameAs":["https:\/\/www.facebook.com\/compassioninterIF\/","https:\/\/www.linkedin.com\/company\/interface-compassion-internationale-asbl\/","https:\/\/www.youtube.com\/channel\/UCzwbTCEmlfz9OXYK6XoHQew"]}]}},"jetpack_sharing_enabled":true,"_links":{"self":[{"href":"https:\/\/interface-compassion-internationale.org\/index.php\/wp-json\/wp\/v2\/pages\/83","targetHints":{"allow":["GET"]}}],"collection":[{"href":"https:\/\/interface-compassion-internationale.org\/index.php\/wp-json\/wp\/v2\/pages"}],"about":[{"href":"https:\/\/interface-compassion-internationale.org\/index.php\/wp-json\/wp\/v2\/types\/page"}],"author":[{"embeddable":true,"href":"https:\/\/interface-compassion-internationale.org\/index.php\/wp-json\/wp\/v2\/users\/2"}],"replies":[{"embeddable":true,"href":"https:\/\/interface-compassion-internationale.org\/index.php\/wp-json\/wp\/v2\/comments?post=83"}],"version-history":[{"count":5,"href":"https:\/\/interface-compassion-internationale.org\/index.php\/wp-json\/wp\/v2\/pages\/83\/revisions"}],"predecessor-version":[{"id":721,"href":"https:\/\/interface-compassion-internationale.org\/index.php\/wp-json\/wp\/v2\/pages\/83\/revisions\/721"}],"wp:attachment":[{"href":"https:\/\/interface-compassion-internationale.org\/index.php\/wp-json\/wp\/v2\/media?parent=83"}],"curies":[{"name":"wp","href":"https:\/\/api.w.org\/{rel}","templated":true}]}}